{"id":94791747,"date":"2026-04-14T23:03:17","date_gmt":"2026-04-14T21:03:17","guid":{"rendered":"https:\/\/elektronikk.eu\/nb\/elivi-usb-a-til-c-kabel-1-meter-svart-space-grey-5gbps-3a\/"},"modified":"2026-05-15T02:58:53","modified_gmt":"2026-05-15T00:58:53","slug":"elivi-usb-a-til-c-kabel-1-meter-svart-space-grey-5gbps-3a","status":"publish","type":"product","link":"https:\/\/elektronikk.eu\/nb\/elivi-usb-a-til-c-kabel-1-meter-svart-space-grey-5gbps-3a\/","title":{"rendered":"Elivi USB A til C kabel 1 meter Svart\/Space Grey | 5gbps\/3A"},"content":{"rendered":"<p>&nbsp;<\/p>\n<div class=\"container section-content\">\n<div class=\"row\">\n<div class=\"product-description\">\n<div class=\"cnet-text-content\">\n<div id=\"ccs-product-details\" class=\"cnet-info\">\n<table id=\"details-9ee95d\" class=\"ccs-ds-details\">\n<tbody>\n<tr>\n<td class=\"ccs-ds-details-main ccs-ds-details-link\">\n<div id=\"overview-area-9ee95d\">\n<div class=\"ccs-ds-textMkt\">\n<p>Lad og synkroniser enheten din med Elivi USB A til USB C-kabel. En robust kabel med helst\u00f8pt b\u00f8yavlastning som strekker seg litt ned p\u00e5 kabelen for ekstra beskyttelse mot knekkpunkt ved pluggfeste. Overf\u00f8ringshastighet p\u00e5 5 Gbps\/USB 3.0.<\/p>\n<\/div>\n<div class=\"ccs-ds-textKsp\">\n<ul>\n<li>Robust kabel<\/li>\n<li>Helst\u00f8pt b\u00f8yavlastning som strekker seg litt ned p\u00e5 kabelen<\/li>\n<li>Overf\u00f8ringshastighet p\u00e5 5 Gbps \/ USB 3.0<\/li>\n<\/ul>\n<\/div>\n<\/div>\n<h3 id=\"specs-header-9ee95d\">Spesifikasjoner<\/h3>\n<div id=\"specs-area-9ee95d\">\n<div class=\"ccs-ds-details-specs-main\">\n<div class=\"ccs-ds-mainSpec-area\">\n<table>\n<tbody>\n<tr>\n<td class=\"ccs-ds-mainSpec-item\">Produktbeskrivelse<\/td>\n<td class=\"ccs-ds-mainSpec-value\">Elivi \u2013 USB type C-kabel \u2013 USB-C til USB type A \u2013 1 m<\/td>\n<\/tr>\n<tr>\n<td class=\"ccs-ds-mainSpec-item\">Type<\/td>\n<td class=\"ccs-ds-mainSpec-value\">USB type C-kabel<\/td>\n<\/tr>\n<tr>\n<td class=\"ccs-ds-mainSpec-item\">Egenskaper<\/td>\n<td class=\"ccs-ds-mainSpec-value\">5 Gbps-datahastighet<\/td>\n<\/tr>\n<tr>\n<td class=\"ccs-ds-mainSpec-item\">Kabellengde<\/td>\n<td class=\"ccs-ds-mainSpec-value\">1 m<\/td>\n<\/tr>\n<tr>\n<td class=\"ccs-ds-mainSpec-item\">Kontakt<\/td>\n<td class=\"ccs-ds-mainSpec-value\">24-pin USB-C - hann<\/td>\n<\/tr>\n<tr>\n<td class=\"ccs-ds-mainSpec-item\">Kontakt (den andre enden)<\/td>\n<td class=\"ccs-ds-mainSpec-value\">9-pin USB type A hann<\/td>\n<\/tr>\n<tr>\n<td class=\"ccs-ds-mainSpec-item\">Nominell str\u00f8m<\/td>\n<td class=\"ccs-ds-mainSpec-value\">3 A<\/td>\n<\/tr>\n<tr>\n<td class=\"ccs-ds-mainSpec-item\">Tilpassede standarder<\/td>\n<td class=\"ccs-ds-mainSpec-value\">USB 3.0<\/td>\n<\/tr>\n<tr>\n<td class=\"ccs-ds-mainSpec-item\">Farge<\/td>\n<td class=\"ccs-ds-mainSpec-value\">Svart, romgr\u00e5<\/td>\n<\/tr>\n<\/tbody>\n<\/table>\n<\/div>\n<\/div>\n<div class=\"ccs-ds-details-specs-more\"><a title=\"Les utvidede spesifikasjoner\">Flere spesifikasjoner<\/a><\/div>\n<\/div>\n<h3 id=\"documents-header-9ee95d\">Dokumenter<\/h3>\n<div id=\"documents-area-9ee95d\">\n<div class=\"ccs-ds-documents ccs-ds-documents-48\"><a href=\"https:\/\/cdn.cs.1worldsync.com\/91\/d2\/91d22dce-81b6-484d-8eab-8f34e8fd578e.pdf\" target=\"_blank\" rel=\"noopener\"><img decoding=\"async\" src=\"https:\/\/cdn.cs.1worldsync.com\/static\/pe\/26_4_13_6\/26_4_13_6\/Content\/DataSource\/Files\/file-pdf-48.png\" alt=\"\" title=\"\">Produktdatablad \/ brosjyre<\/a><\/div>\n<\/div>\n<\/td>\n<\/tr>\n<\/tbody>\n<\/table>\n<\/div>\n<\/div>\n<\/div>\n<\/div>\n<\/div>\n<div id=\"section_1\" class=\"container-fluid section-header\">\n<div class=\"container\"><\/div>\n<\/div>","protected":false},"excerpt":{"rendered":"<p>&nbsp; Lad og synkroniser din enhet med Elivi USB A til USB C kabel. En robust kabel med helst\u00f8pt b\u00f8yavlaster som strekker seg litt ned p\u00e5 kabelen for ekstra beskyttelse mot knekkpunkt ved pluggfeste. Overf\u00f8ringshastighet p\u00e5 5gbps\/USB 3.0. Robust kabel Helst\u00f8pt b\u00f8yavlaster som strekker seg litt ned p\u00e5 kabelen Overf\u00f8ringshastighet p\u00e5 5gbps\/USB 3.0 Spesifikasjoner Produktbeskrivelse [&#8230;]\n","protected":false},"featured_media":94791839,"comment_status":"open","ping_status":"closed","template":"","meta":[],"product_brand":[],"product_cat":[35545],"product_tag":[],"class_list":{"0":"post-94791747","1":"product","2":"type-product","3":"status-publish","4":"has-post-thumbnail","6":"product_cat-kabler","8":"first","9":"instock","10":"taxable","11":"shipping-taxable","12":"purchasable","13":"product-type-simple"},"jetpack_sharing_enabled":true,"_links":{"self":[{"href":"https:\/\/elektronikk.eu\/nb\/wp-json\/wp\/v2\/product\/94791747","targetHints":{"allow":["GET"]}}],"collection":[{"href":"https:\/\/elektronikk.eu\/nb\/wp-json\/wp\/v2\/product"}],"about":[{"href":"https:\/\/elektronikk.eu\/nb\/wp-json\/wp\/v2\/types\/product"}],"replies":[{"embeddable":true,"href":"https:\/\/elektronikk.eu\/nb\/wp-json\/wp\/v2\/comments?post=94791747"}],"wp:featuredmedia":[{"embeddable":true,"href":"https:\/\/elektronikk.eu\/nb\/wp-json\/wp\/v2\/media\/94791839"}],"wp:attachment":[{"href":"https:\/\/elektronikk.eu\/nb\/wp-json\/wp\/v2\/media?parent=94791747"}],"wp:term":[{"taxonomy":"product_brand","embeddable":true,"href":"https:\/\/elektronikk.eu\/nb\/wp-json\/wp\/v2\/product_brand?post=94791747"},{"taxonomy":"product_cat","embeddable":true,"href":"https:\/\/elektronikk.eu\/nb\/wp-json\/wp\/v2\/product_cat?post=94791747"},{"taxonomy":"product_tag","embeddable":true,"href":"https:\/\/elektronikk.eu\/nb\/wp-json\/wp\/v2\/product_tag?post=94791747"}],"curies":[{"name":"wp","href":"https:\/\/api.w.org\/{rel}","templated":true}]}}