{"id":94791026,"date":"2025-12-31T10:12:47","date_gmt":"2025-12-31T09:12:47","guid":{"rendered":"https:\/\/elektronikk.eu\/2340037\/"},"modified":"2026-04-01T21:04:10","modified_gmt":"2026-04-01T19:04:10","slug":"2340037","status":"publish","type":"product","link":"https:\/\/elektronikk.eu\/nb\/2340037\/","title":{"rendered":"Universal avkalker, 500 ml"},"content":{"rendered":"<p>HVORDAN BRUKE<br \/>\nFor kaffemaskiner: f\u00f8lg bruksanvisningen for kaffemaskinen. Bland 50 ml avkalkingsmiddel for hver 0,5 liter vann.<br \/>\nFor vannkokere og kjeler: hell vann til samme niv\u00e5 som kalkavleiringen og varm det opp til en temperatur p\u00e5 ca. 40-50\u00b0C. Bland 50 ml avkalkningsmiddel for hver 0,5 liter vann. La st\u00e5 i en time (ikke koke).<br \/>\nVed vanskelige kalkavleiringer, gjenta prosessen. Etter avkalkingen skyll med rent vann et par ganger. Regelmessig avkalking forlenger maskinens levetid og reduserer energiforbruket. Produsenten er ikke ansvarlig for skader eller tap som f\u00f8lge av feil bruk av avkalkingsmiddelet.<br \/>\nHoldbarhetsdato: 5 \u00e5r fra produksjonsdatoen angitt p\u00e5 pakningen.<br \/>\nFORSIKTIG<br \/>\nGir alvorlig \u00f8yeirritasjon. Oppbevares utilgjengelig for barn. VED KONTAKT MED HUDEN: Vask med mye vann og s\u00e5pe. VED KONTAKT MED \u00d8YNENE: Skyll forsiktig med vann i flere minutter. Fjern eventuelle kontaktlinser hvis dette er enkelt. Fortsett skyllingen.<\/p>","protected":false},"excerpt":{"rendered":"<p>Et universelt avkalkningsmiddel som gir et raskt og grundig avkalkningsresultat. Fungerer optimalt for kaffemaskiner, elektriske kaffetraktere, vannkokere og elektriske vannkokere.<\/p>","protected":false},"featured_media":94791027,"comment_status":"closed","ping_status":"closed","template":"","meta":[],"product_brand":[35307],"product_cat":[35607,35606,35605],"product_tag":[],"class_list":{"0":"post-94791026","1":"product","2":"type-product","3":"status-publish","4":"has-post-thumbnail","6":"product_brand-nordicquality","7":"product_cat-kitchen-cleaners","8":"product_cat-cleaning-chemicals","9":"product_cat-rengjoring-og-vedlikehold","11":"first","12":"onbackorder","13":"taxable","14":"shipping-taxable","15":"purchasable","16":"product-type-simple"},"jetpack_sharing_enabled":true,"_links":{"self":[{"href":"https:\/\/elektronikk.eu\/nb\/wp-json\/wp\/v2\/product\/94791026","targetHints":{"allow":["GET"]}}],"collection":[{"href":"https:\/\/elektronikk.eu\/nb\/wp-json\/wp\/v2\/product"}],"about":[{"href":"https:\/\/elektronikk.eu\/nb\/wp-json\/wp\/v2\/types\/product"}],"replies":[{"embeddable":true,"href":"https:\/\/elektronikk.eu\/nb\/wp-json\/wp\/v2\/comments?post=94791026"}],"wp:featuredmedia":[{"embeddable":true,"href":"https:\/\/elektronikk.eu\/nb\/wp-json\/wp\/v2\/media\/94791027"}],"wp:attachment":[{"href":"https:\/\/elektronikk.eu\/nb\/wp-json\/wp\/v2\/media?parent=94791026"}],"wp:term":[{"taxonomy":"product_brand","embeddable":true,"href":"https:\/\/elektronikk.eu\/nb\/wp-json\/wp\/v2\/product_brand?post=94791026"},{"taxonomy":"product_cat","embeddable":true,"href":"https:\/\/elektronikk.eu\/nb\/wp-json\/wp\/v2\/product_cat?post=94791026"},{"taxonomy":"product_tag","embeddable":true,"href":"https:\/\/elektronikk.eu\/nb\/wp-json\/wp\/v2\/product_tag?post=94791026"}],"curies":[{"name":"wp","href":"https:\/\/api.w.org\/{rel}","templated":true}]}}