{"id":94791024,"date":"2025-12-31T10:12:47","date_gmt":"2025-12-31T09:12:47","guid":{"rendered":"https:\/\/elektronikk.eu\/2340028\/"},"modified":"2026-01-14T08:58:25","modified_gmt":"2026-01-14T07:58:25","slug":"2340028","status":"publish","type":"product","link":"https:\/\/elektronikk.eu\/nb\/2340028\/","title":{"rendered":"Rengj\u00f8ring av keramisk platetopp, 250 ml"},"content":{"rendered":"<p>HVORDAN BRUKE<br \/>\nBrukes kun p\u00e5 kalde overflater. Forsikre deg om at varmeplatene er sl\u00e5tt av.<br \/>\n1. Skru spraydysen mot den skitne overflaten.<br \/>\nP\u00e5f\u00f8r p\u00e5 overflaten, vent noen minutter og t\u00f8rk av med en klut.<br \/>\n3. Gjenta ved vanskelige flekker.<br \/>\nProdusenten er ikke ansvarlig for skade som f\u00f8lge av feilaktig bruk av produktet.<\/p>","protected":false},"excerpt":{"rendered":"<p>Fjern fettflekker, svimerker, og vannflekker med denne keramiske platetopprensen. Optimalisert for rengj\u00f8ring av keramiske, induksjons- og glassplatetopper.<\/p>","protected":false},"featured_media":94791025,"comment_status":"closed","ping_status":"open","template":"","meta":[],"product_brand":[35307],"product_cat":[35607,35606,35605],"product_tag":[],"class_list":{"0":"post-94791024","1":"product","2":"type-product","3":"status-publish","4":"has-post-thumbnail","6":"product_brand-nordicquality","7":"product_cat-kitchen-cleaners","8":"product_cat-cleaning-chemicals","9":"product_cat-rengjoring-og-vedlikehold","11":"first","12":"onbackorder","13":"taxable","14":"shipping-taxable","15":"purchasable","16":"product-type-simple"},"jetpack_sharing_enabled":true,"_links":{"self":[{"href":"https:\/\/elektronikk.eu\/nb\/wp-json\/wp\/v2\/product\/94791024","targetHints":{"allow":["GET"]}}],"collection":[{"href":"https:\/\/elektronikk.eu\/nb\/wp-json\/wp\/v2\/product"}],"about":[{"href":"https:\/\/elektronikk.eu\/nb\/wp-json\/wp\/v2\/types\/product"}],"replies":[{"embeddable":true,"href":"https:\/\/elektronikk.eu\/nb\/wp-json\/wp\/v2\/comments?post=94791024"}],"wp:featuredmedia":[{"embeddable":true,"href":"https:\/\/elektronikk.eu\/nb\/wp-json\/wp\/v2\/media\/94791025"}],"wp:attachment":[{"href":"https:\/\/elektronikk.eu\/nb\/wp-json\/wp\/v2\/media?parent=94791024"}],"wp:term":[{"taxonomy":"product_brand","embeddable":true,"href":"https:\/\/elektronikk.eu\/nb\/wp-json\/wp\/v2\/product_brand?post=94791024"},{"taxonomy":"product_cat","embeddable":true,"href":"https:\/\/elektronikk.eu\/nb\/wp-json\/wp\/v2\/product_cat?post=94791024"},{"taxonomy":"product_tag","embeddable":true,"href":"https:\/\/elektronikk.eu\/nb\/wp-json\/wp\/v2\/product_tag?post=94791024"}],"curies":[{"name":"wp","href":"https:\/\/api.w.org\/{rel}","templated":true}]}}