{"id":94790949,"date":"2025-12-31T10:11:21","date_gmt":"2025-12-31T09:11:21","guid":{"rendered":"https:\/\/elektronikk.eu\/1903268\/"},"modified":"2026-04-01T21:03:48","modified_gmt":"2026-04-01T19:03:48","slug":"1903268","status":"publish","type":"product","link":"https:\/\/elektronikk.eu\/nb\/1903268\/","title":{"rendered":"USB-C vegglader, 1x USB-C PD 30 W, slank st\u00f8rrelse, st\u00f8tter PPS"},"content":{"rendered":"<p>USB-C vegglader, 1x USB-C PD 30 W, slank, PPS, hvit<\/p>","protected":false},"excerpt":{"rendered":"<p>Supertynn USB-C vegglader med Power Delivery og PPS-teknologi for rask og effektiv lading av alle dine kompatible enheter. Programmerbar str\u00f8mforsyning (PPS) ladere er mer effektive og oppdaterer str\u00f8m og spenning i sanntid avhengig av enhetens ladestatus, noe som gir raskere lading med mindre varmeutvikling og \u00f8ker enhetens batterilevetid. Enheten du lader m\u00e5 st\u00f8tte PPS for at dette skal fungere.<\/p>","protected":false},"featured_media":94790950,"comment_status":"closed","ping_status":"open","template":"","meta":[],"product_brand":[35291],"product_cat":[35536,35523],"product_tag":[21751],"class_list":{"0":"post-94790949","1":"product","2":"type-product","3":"status-publish","4":"has-post-thumbnail","6":"product_brand-deltaco","7":"product_cat-kommunikasjon","8":"product_cat-lader","9":"product_tag-wall-charger","10":"pa_charger-type-wall_charger","11":"pa_garanti-5years","12":"pa_ladehastighet-30_w","14":"first","15":"onbackorder","16":"taxable","17":"shipping-taxable","18":"purchasable","19":"product-type-simple"},"jetpack_sharing_enabled":true,"_links":{"self":[{"href":"https:\/\/elektronikk.eu\/nb\/wp-json\/wp\/v2\/product\/94790949","targetHints":{"allow":["GET"]}}],"collection":[{"href":"https:\/\/elektronikk.eu\/nb\/wp-json\/wp\/v2\/product"}],"about":[{"href":"https:\/\/elektronikk.eu\/nb\/wp-json\/wp\/v2\/types\/product"}],"replies":[{"embeddable":true,"href":"https:\/\/elektronikk.eu\/nb\/wp-json\/wp\/v2\/comments?post=94790949"}],"wp:featuredmedia":[{"embeddable":true,"href":"https:\/\/elektronikk.eu\/nb\/wp-json\/wp\/v2\/media\/94790950"}],"wp:attachment":[{"href":"https:\/\/elektronikk.eu\/nb\/wp-json\/wp\/v2\/media?parent=94790949"}],"wp:term":[{"taxonomy":"product_brand","embeddable":true,"href":"https:\/\/elektronikk.eu\/nb\/wp-json\/wp\/v2\/product_brand?post=94790949"},{"taxonomy":"product_cat","embeddable":true,"href":"https:\/\/elektronikk.eu\/nb\/wp-json\/wp\/v2\/product_cat?post=94790949"},{"taxonomy":"product_tag","embeddable":true,"href":"https:\/\/elektronikk.eu\/nb\/wp-json\/wp\/v2\/product_tag?post=94790949"}],"curies":[{"name":"wp","href":"https:\/\/api.w.org\/{rel}","templated":true}]}}