{"id":94787676,"date":"2025-12-31T10:03:10","date_gmt":"2025-12-31T09:03:10","guid":{"rendered":"https:\/\/elektronikk.eu\/tb-122\/"},"modified":"2026-04-01T21:10:04","modified_gmt":"2026-04-01T19:10:04","slug":"krav-122","status":"publish","type":"product","link":"https:\/\/elektronikk.eu\/nb\/tb-122\/","title":{"rendered":"Tr\u00e5dl\u00f8st tastatur, nordisk layout, USB nano-mottaker, 10m rekkevidde, svart"},"content":{"rendered":"<p>Tr\u00e5dl\u00f8st tastatur med numeriske taster. Koble kun inn USB-mottakeren i PC-en s\u00e5 kobles tastaturet til automatisk. Pakningen inneholder: Tastatur, USB nano-mottaker.<\/p>","protected":false},"excerpt":{"rendered":"<p>Tr\u00e5dl\u00f8st tastatur, nordisk layout, USB, nano-mottaker, 10m rekkevidde, svart.<\/p>","protected":false},"featured_media":94789094,"comment_status":"closed","ping_status":"open","template":"","meta":[],"product_brand":[35291],"product_cat":[35714,35580,35890],"product_tag":[21709],"class_list":{"0":"post-94787676","1":"product","2":"type-product","3":"status-publish","4":"has-post-thumbnail","6":"product_brand-deltaco","7":"product_cat-keyboards-keyboards-mice","8":"product_cat-keyboards-mice","9":"product_cat-wireless-keyboards","10":"product_tag-wireless-keyboards","11":"pa_antall-knapper-34599","12":"pa_garanti-5years","13":"pa_os-kompatibilitet-windows_7_764_81_8164_10_1064","15":"first","16":"onbackorder","17":"purchasable","18":"product-type-simple"},"jetpack_sharing_enabled":true,"_links":{"self":[{"href":"https:\/\/elektronikk.eu\/nb\/wp-json\/wp\/v2\/product\/94787676","targetHints":{"allow":["GET"]}}],"collection":[{"href":"https:\/\/elektronikk.eu\/nb\/wp-json\/wp\/v2\/product"}],"about":[{"href":"https:\/\/elektronikk.eu\/nb\/wp-json\/wp\/v2\/types\/product"}],"replies":[{"embeddable":true,"href":"https:\/\/elektronikk.eu\/nb\/wp-json\/wp\/v2\/comments?post=94787676"}],"wp:featuredmedia":[{"embeddable":true,"href":"https:\/\/elektronikk.eu\/nb\/wp-json\/wp\/v2\/media\/94789094"}],"wp:attachment":[{"href":"https:\/\/elektronikk.eu\/nb\/wp-json\/wp\/v2\/media?parent=94787676"}],"wp:term":[{"taxonomy":"product_brand","embeddable":true,"href":"https:\/\/elektronikk.eu\/nb\/wp-json\/wp\/v2\/product_brand?post=94787676"},{"taxonomy":"product_cat","embeddable":true,"href":"https:\/\/elektronikk.eu\/nb\/wp-json\/wp\/v2\/product_cat?post=94787676"},{"taxonomy":"product_tag","embeddable":true,"href":"https:\/\/elektronikk.eu\/nb\/wp-json\/wp\/v2\/product_tag?post=94787676"}],"curies":[{"name":"wp","href":"https:\/\/api.w.org\/{rel}","templated":true}]}}