{"id":94787563,"date":"2024-11-29T15:31:21","date_gmt":"2024-11-29T14:31:21","guid":{"rendered":"https:\/\/elektronikk.eu\/r00140011\/"},"modified":"2026-04-01T21:09:31","modified_gmt":"2026-04-01T19:09:31","slug":"r00140011","status":"publish","type":"product","link":"https:\/\/elektronikk.eu\/nb\/r00140011\/","title":{"rendered":"USB-C til DisplayPort-kabel, 4K UHD ved 60 Hz, 0,5 m, svart"},"content":{"rendered":"<p>USB-C \u2013 DisplayPort-kabel, 4K UHD, gullbelagt, 0,5m, svart<\/p>","protected":false},"excerpt":{"rendered":"<p>Denne USB-C til DisplayPort-kabelen st\u00f8tter 4K (3840 \u00d7 2160 ved 60 Hz) eller Full HD (1920 \u00d7 1080 ved 240 Hz)-oppl\u00f8sninger, og er egnet for \u00e5 koble datamaskiner, nettbrett og andre USB-C-aktiverte enheter til en DisplayPort-skjerm eller TV. .<\/p>","protected":false},"featured_media":94790478,"comment_status":"closed","ping_status":"open","template":"","meta":[],"product_brand":[35291],"product_cat":[35766,35765],"product_tag":[],"class_list":{"0":"post-94787563","1":"product","2":"type-product","3":"status-publish","4":"has-post-thumbnail","6":"product_brand-deltaco","7":"product_cat-displayport-video-adapters","8":"product_cat-video-adapters","9":"pa_displayport-versjon-dp_1_2","10":"pa_kabellengde-0_50","11":"pa_kabeltype-usb","13":"first","14":"onbackorder","15":"purchasable","16":"product-type-simple"},"jetpack_sharing_enabled":true,"_links":{"self":[{"href":"https:\/\/elektronikk.eu\/nb\/wp-json\/wp\/v2\/product\/94787563","targetHints":{"allow":["GET"]}}],"collection":[{"href":"https:\/\/elektronikk.eu\/nb\/wp-json\/wp\/v2\/product"}],"about":[{"href":"https:\/\/elektronikk.eu\/nb\/wp-json\/wp\/v2\/types\/product"}],"replies":[{"embeddable":true,"href":"https:\/\/elektronikk.eu\/nb\/wp-json\/wp\/v2\/comments?post=94787563"}],"wp:featuredmedia":[{"embeddable":true,"href":"https:\/\/elektronikk.eu\/nb\/wp-json\/wp\/v2\/media\/94790478"}],"wp:attachment":[{"href":"https:\/\/elektronikk.eu\/nb\/wp-json\/wp\/v2\/media?parent=94787563"}],"wp:term":[{"taxonomy":"product_brand","embeddable":true,"href":"https:\/\/elektronikk.eu\/nb\/wp-json\/wp\/v2\/product_brand?post=94787563"},{"taxonomy":"product_cat","embeddable":true,"href":"https:\/\/elektronikk.eu\/nb\/wp-json\/wp\/v2\/product_cat?post=94787563"},{"taxonomy":"product_tag","embeddable":true,"href":"https:\/\/elektronikk.eu\/nb\/wp-json\/wp\/v2\/product_tag?post=94787563"}],"curies":[{"name":"wp","href":"https:\/\/api.w.org\/{rel}","templated":true}]}}