{"id":94787246,"date":"2016-06-30T12:54:50","date_gmt":"2016-06-30T10:54:50","guid":{"rendered":"https:\/\/elektronikk.eu\/delo-0401\/"},"modified":"2026-01-02T15:09:11","modified_gmt":"2026-01-02T14:09:11","slug":"delo-0401","status":"publish","type":"product","link":"https:\/\/elektronikk.eu\/nb\/delo-0401\/","title":{"rendered":"LED bordlampe med tr\u00e5dl\u00f8s hurtiglading, 400lm, hvit"},"content":{"rendered":"<p>DELO-0401 fra DELTACO OFFICE er en stilig og elegant bordlampe med innebygd tr\u00e5dl\u00f8s lading. Plasser smarttelefonen eller en annen enhet som er kompatibel med tr\u00e5dl\u00f8s lading p\u00e5 bunnplaten for opptil 10W hurtiglading. Utstyrt med 3 ber\u00f8ringsknapper og 48 lyse lysdioder. Det stilige designet passer i alle milj\u00f8er. Kompatibilitet: Smarttelefoner med integrert Qi, smarttelefoner med Qi-tillegg, hurtiglading er bare kompatible med telefoner og adaptere som st\u00f8tter tr\u00e5dl\u00f8se hurtigladetelefoner, og adaptere som ikke er kompatible med hurtiglading vil bli ladet med 5W.<\/p>\n<p>Pakken inneholder: LED bordlampe, str\u00f8madapter og manual<\/p>\n<p>Dimensjoner: (BxDxH) 380 x 180 x 360 mm<\/p>","protected":false},"excerpt":{"rendered":"<p>LED skrivebordslampe med tr\u00e5dl\u00f8s hurtiglading, timerfunksjon, 400lm hvit<\/p>","protected":false},"featured_media":94790265,"comment_status":"closed","ping_status":"open","template":"","meta":[],"product_brand":[35291],"product_cat":[],"product_tag":[],"class_list":{"0":"post-94787246","1":"product","2":"type-product","3":"status-publish","4":"has-post-thumbnail","6":"product_brand-deltaco","7":"pa_farge-white","8":"pa_produkt-dybde-0-180000000000","9":"pa_produkt-vekt-0-730000000000","11":"first","12":"onbackorder","13":"purchasable","14":"product-type-simple"},"jetpack_sharing_enabled":true,"_links":{"self":[{"href":"https:\/\/elektronikk.eu\/nb\/wp-json\/wp\/v2\/product\/94787246","targetHints":{"allow":["GET"]}}],"collection":[{"href":"https:\/\/elektronikk.eu\/nb\/wp-json\/wp\/v2\/product"}],"about":[{"href":"https:\/\/elektronikk.eu\/nb\/wp-json\/wp\/v2\/types\/product"}],"replies":[{"embeddable":true,"href":"https:\/\/elektronikk.eu\/nb\/wp-json\/wp\/v2\/comments?post=94787246"}],"wp:featuredmedia":[{"embeddable":true,"href":"https:\/\/elektronikk.eu\/nb\/wp-json\/wp\/v2\/media\/94790265"}],"wp:attachment":[{"href":"https:\/\/elektronikk.eu\/nb\/wp-json\/wp\/v2\/media?parent=94787246"}],"wp:term":[{"taxonomy":"product_brand","embeddable":true,"href":"https:\/\/elektronikk.eu\/nb\/wp-json\/wp\/v2\/product_brand?post=94787246"},{"taxonomy":"product_cat","embeddable":true,"href":"https:\/\/elektronikk.eu\/nb\/wp-json\/wp\/v2\/product_cat?post=94787246"},{"taxonomy":"product_tag","embeddable":true,"href":"https:\/\/elektronikk.eu\/nb\/wp-json\/wp\/v2\/product_tag?post=94787246"}],"curies":[{"name":"wp","href":"https:\/\/api.w.org\/{rel}","templated":true}]}}