{"id":94787242,"date":"2025-02-07T21:26:53","date_gmt":"2025-02-07T20:26:53","guid":{"rendered":"https:\/\/elektronikk.eu\/delo-0300\/"},"modified":"2026-04-01T21:07:31","modified_gmt":"2026-04-01T19:07:31","slug":"delo-0300","status":"publish","type":"product","link":"https:\/\/elektronikk.eu\/nb\/delo-0300\/","title":{"rendered":"Ergonomisk fotst\u00f8tte i st\u00e5l, tiltbar +20\u00b0~-20\u00b0, svart"},"content":{"rendered":"<p>DELO-0300 er en ergonomisk fotst\u00f8tte i st\u00e5l fra DELTACO. Bruk den for \u00e5 unng\u00e5 muskelstivhet og \u00f8ke blodsirkulasjonen i f\u00f8tter og ben. Ideell for kontorer, skoler og andre arbeidsplasser hvor man sitter mye. Kan vippes opp til +20 \u00b0 ~ -20 \u00b0 for \u00e5 finne den beste stillingen for f\u00f8tter\/ben. F\u00f8ttene svinger uanstrengt med fotst\u00f8tten, som ogs\u00e5 er sklisikker slik at du kan v\u00e6re trygg p\u00e5 at f\u00f8ttene dine st\u00e5r st\u00f8dig. DELO-0300 er ogs\u00e5 sklisikret under, noe som gir ekstra stabilitet og beskytter gulvet mot riper. Pakkeinnhold: Tiltbar fotst\u00f8tte i st\u00e5l<\/p>\n<p>Dimensjoner: (B x D x H) 380 x 300 x 80 mm<br \/>\nVekt: 2,78 kg<\/p>","protected":false},"excerpt":{"rendered":"<p>Ergonomisk fotst\u00f8tte i st\u00e5l, tiltbar +20\u00b0~-20\u00b0, svart<\/p>","protected":false},"featured_media":94790261,"comment_status":"closed","ping_status":"open","template":"","meta":[],"product_brand":[35291],"product_cat":[35908],"product_tag":[],"class_list":{"0":"post-94787242","1":"product","2":"type-product","3":"status-publish","4":"has-post-thumbnail","6":"product_brand-deltaco","7":"product_cat-ukategorisert","8":"pa_garanti-5years","9":"pa_produkt-dybde-0-080000000000","10":"pa_produkt-vekt-2-310000000000","12":"first","13":"onbackorder","14":"purchasable","15":"product-type-simple"},"jetpack_sharing_enabled":true,"_links":{"self":[{"href":"https:\/\/elektronikk.eu\/nb\/wp-json\/wp\/v2\/product\/94787242","targetHints":{"allow":["GET"]}}],"collection":[{"href":"https:\/\/elektronikk.eu\/nb\/wp-json\/wp\/v2\/product"}],"about":[{"href":"https:\/\/elektronikk.eu\/nb\/wp-json\/wp\/v2\/types\/product"}],"replies":[{"embeddable":true,"href":"https:\/\/elektronikk.eu\/nb\/wp-json\/wp\/v2\/comments?post=94787242"}],"wp:featuredmedia":[{"embeddable":true,"href":"https:\/\/elektronikk.eu\/nb\/wp-json\/wp\/v2\/media\/94790261"}],"wp:attachment":[{"href":"https:\/\/elektronikk.eu\/nb\/wp-json\/wp\/v2\/media?parent=94787242"}],"wp:term":[{"taxonomy":"product_brand","embeddable":true,"href":"https:\/\/elektronikk.eu\/nb\/wp-json\/wp\/v2\/product_brand?post=94787242"},{"taxonomy":"product_cat","embeddable":true,"href":"https:\/\/elektronikk.eu\/nb\/wp-json\/wp\/v2\/product_cat?post=94787242"},{"taxonomy":"product_tag","embeddable":true,"href":"https:\/\/elektronikk.eu\/nb\/wp-json\/wp\/v2\/product_tag?post=94787242"}],"curies":[{"name":"wp","href":"https:\/\/api.w.org\/{rel}","templated":true}]}}