{"id":94787150,"date":"2018-12-05T10:32:36","date_gmt":"2018-12-05T09:32:36","guid":{"rendered":"https:\/\/elektronikk.eu\/ck1008\/"},"modified":"2026-04-01T21:06:54","modified_gmt":"2026-04-01T19:06:54","slug":"ck1008","status":"publish","type":"product","link":"https:\/\/elektronikk.eu\/nb\/ck1008\/","title":{"rendered":"Rengj\u00f8ringsspray med mikrofiberklut, for rengj\u00f8ring av skjermer, 250 ml"},"content":{"rendered":"<p>Rengj\u00f8ringssett for alle typer skjermer. Pakken best\u00e5r av 250 ml rengj\u00f8ringsv\u00e6ske og en mikrofiberklut. Mikrofiberkluten kan h\u00e5ndvaskes i varmt vann. Alkoholfri og biologisk nedbrytbar.<\/p>","protected":false},"excerpt":{"rendered":"<p>Skjermrengj\u00f8ringspakke, 250ml, for rengj\u00f8ring av alle typer skjermer, 200x200mm mikrofiberklut, alkoholfri, biologisk nedbrytbar.<\/p>","protected":false},"featured_media":94790226,"comment_status":"closed","ping_status":"open","template":"","meta":[],"product_brand":[35291],"product_cat":[35679,35533],"product_tag":[],"class_list":{"0":"post-94787150","1":"product","2":"type-product","3":"status-publish","4":"has-post-thumbnail","6":"product_brand-deltaco","7":"product_cat-cleaning-accessories","8":"product_cat-tilbehor-components-accessories","9":"pa_farge-white","11":"first","12":"onbackorder","13":"purchasable","14":"product-type-simple"},"jetpack_sharing_enabled":true,"_links":{"self":[{"href":"https:\/\/elektronikk.eu\/nb\/wp-json\/wp\/v2\/product\/94787150","targetHints":{"allow":["GET"]}}],"collection":[{"href":"https:\/\/elektronikk.eu\/nb\/wp-json\/wp\/v2\/product"}],"about":[{"href":"https:\/\/elektronikk.eu\/nb\/wp-json\/wp\/v2\/types\/product"}],"replies":[{"embeddable":true,"href":"https:\/\/elektronikk.eu\/nb\/wp-json\/wp\/v2\/comments?post=94787150"}],"wp:featuredmedia":[{"embeddable":true,"href":"https:\/\/elektronikk.eu\/nb\/wp-json\/wp\/v2\/media\/94790226"}],"wp:attachment":[{"href":"https:\/\/elektronikk.eu\/nb\/wp-json\/wp\/v2\/media?parent=94787150"}],"wp:term":[{"taxonomy":"product_brand","embeddable":true,"href":"https:\/\/elektronikk.eu\/nb\/wp-json\/wp\/v2\/product_brand?post=94787150"},{"taxonomy":"product_cat","embeddable":true,"href":"https:\/\/elektronikk.eu\/nb\/wp-json\/wp\/v2\/product_cat?post=94787150"},{"taxonomy":"product_tag","embeddable":true,"href":"https:\/\/elektronikk.eu\/nb\/wp-json\/wp\/v2\/product_tag?post=94787150"}],"curies":[{"name":"wp","href":"https:\/\/api.w.org\/{rel}","templated":true}]}}