{"id":94786891,"date":"2018-03-27T02:02:02","date_gmt":"2018-03-27T00:02:02","guid":{"rendered":"https:\/\/elektronikk.eu\/358118\/"},"modified":"2026-04-01T21:05:45","modified_gmt":"2026-04-01T19:05:45","slug":"358118","status":"publish","type":"product","link":"https:\/\/elektronikk.eu\/nb\/358118\/","title":{"rendered":"MGS 2408 St\u00f8vsugerposer, 5 stk."},"content":{"rendered":"<p>Mikrofibermaterialet i denne posen gir ren luft under st\u00f8vsuging. Filtreringen i den nye fire-lags posen er betydelig forbedret, ca. tre ganger mer enn en vanlig papirpose. Mikrofibermaterialet gir st\u00f8vsugeren mer sugeeffekt, og du kan fylle opp ca. 33 % mer st\u00f8v i posen uten at dette p\u00e5virker sugeeffekten. Fiberposen er DIN 44956-testet. Inneholder: 5 stk.<\/p>","protected":false},"excerpt":{"rendered":"<p>MGS 2408 St\u00f8vposer 5 stk.<\/p>","protected":false},"featured_media":94789756,"comment_status":"closed","ping_status":"open","template":"","meta":[],"product_brand":[35307],"product_cat":[35613,35616,35672,35617],"product_tag":[24601],"class_list":{"0":"post-94786891","1":"product","2":"type-product","3":"status-publish","4":"has-post-thumbnail","6":"product_brand-nordicquality","7":"product_cat-hvitevarer","8":"product_cat-stovsuger-og-gulvvedlikehold","9":"product_cat-stovsuger-poser","10":"product_cat-stovsuger-tilbehor","11":"product_tag-vacuum-bags","12":"pa_farge-white","13":"pa_produkt-vekt-0-200000000000","15":"first","16":"onbackorder","17":"purchasable","18":"product-type-simple"},"jetpack_sharing_enabled":true,"_links":{"self":[{"href":"https:\/\/elektronikk.eu\/nb\/wp-json\/wp\/v2\/product\/94786891","targetHints":{"allow":["GET"]}}],"collection":[{"href":"https:\/\/elektronikk.eu\/nb\/wp-json\/wp\/v2\/product"}],"about":[{"href":"https:\/\/elektronikk.eu\/nb\/wp-json\/wp\/v2\/types\/product"}],"replies":[{"embeddable":true,"href":"https:\/\/elektronikk.eu\/nb\/wp-json\/wp\/v2\/comments?post=94786891"}],"wp:featuredmedia":[{"embeddable":true,"href":"https:\/\/elektronikk.eu\/nb\/wp-json\/wp\/v2\/media\/94789756"}],"wp:attachment":[{"href":"https:\/\/elektronikk.eu\/nb\/wp-json\/wp\/v2\/media?parent=94786891"}],"wp:term":[{"taxonomy":"product_brand","embeddable":true,"href":"https:\/\/elektronikk.eu\/nb\/wp-json\/wp\/v2\/product_brand?post=94786891"},{"taxonomy":"product_cat","embeddable":true,"href":"https:\/\/elektronikk.eu\/nb\/wp-json\/wp\/v2\/product_cat?post=94786891"},{"taxonomy":"product_tag","embeddable":true,"href":"https:\/\/elektronikk.eu\/nb\/wp-json\/wp\/v2\/product_tag?post=94786891"}],"curies":[{"name":"wp","href":"https:\/\/api.w.org\/{rel}","templated":true}]}}