{"id":94786569,"date":"2025-12-31T10:12:47","date_gmt":"2025-12-31T09:12:47","guid":{"rendered":"https:\/\/elektronikk.eu\/2340044\/"},"modified":"2026-04-01T21:04:11","modified_gmt":"2026-04-01T19:04:11","slug":"2340044","status":"publish","type":"product","link":"https:\/\/elektronikk.eu\/nb\/2340044\/","title":{"rendered":"Oppvaskmaskin glansemiddel, 500 ml"},"content":{"rendered":"<p>Glem d\u00e5rlige rengj\u00f8ringsresultater som flekker eller skjolder. V\u00e5rt t\u00f8rkemiddel til oppvaskmaskin t\u00f8rker oppvasken raskere samtidig som det gj\u00f8r vannet \u201cv\u00e5tere\u201d, noe som reduserer risikoen for \u00e5 f\u00e5 vannflekker. <\/p>\n<p>\u2022 Oppbevares t\u00f8rt ved en temperatur p\u00e5 5-25\u00b0C.<br \/>\n\u2022 Beskyttes mot frost.<br \/>\n\u2022 Beskyttes mot direkte sollys. <\/p>\n<p>Distribut\u00f8ren er ikke erstatningsansvarlig for skader som f\u00f8lge av feilaktig bruk av produktet.<br \/>\nFor best resultat, bruk produktet innen 3 \u00e5r fra produksjonsdatoen p\u00e5 emballasjen.<\/p>","protected":false},"excerpt":{"rendered":"<p>Hvis du \u00f8nsker en ren, t\u00f8rr og skinnende finish, uten flekker og kalkavleiringer \u2013 da er dette skyllemiddelet for oppvaskmaskinen midt i blinken for deg. Bare hell det i riktig beholder i henhold til instruksjonene for oppvaskmaskinen, s\u00e5 slipper maskinen automatisk ut riktig mengde v\u00e6ske.<\/p>","protected":false},"featured_media":94789457,"comment_status":"closed","ping_status":"open","template":"","meta":[],"product_brand":[35307],"product_cat":[35607,35606,35605],"product_tag":[],"class_list":{"0":"post-94786569","1":"product","2":"type-product","3":"status-publish","4":"has-post-thumbnail","6":"product_brand-nordicquality","7":"product_cat-kitchen-cleaners","8":"product_cat-cleaning-chemicals","9":"product_cat-rengjoring-og-vedlikehold","11":"first","12":"onbackorder","13":"purchasable","14":"product-type-simple"},"jetpack_sharing_enabled":true,"_links":{"self":[{"href":"https:\/\/elektronikk.eu\/nb\/wp-json\/wp\/v2\/product\/94786569","targetHints":{"allow":["GET"]}}],"collection":[{"href":"https:\/\/elektronikk.eu\/nb\/wp-json\/wp\/v2\/product"}],"about":[{"href":"https:\/\/elektronikk.eu\/nb\/wp-json\/wp\/v2\/types\/product"}],"replies":[{"embeddable":true,"href":"https:\/\/elektronikk.eu\/nb\/wp-json\/wp\/v2\/comments?post=94786569"}],"wp:featuredmedia":[{"embeddable":true,"href":"https:\/\/elektronikk.eu\/nb\/wp-json\/wp\/v2\/media\/94789457"}],"wp:attachment":[{"href":"https:\/\/elektronikk.eu\/nb\/wp-json\/wp\/v2\/media?parent=94786569"}],"wp:term":[{"taxonomy":"product_brand","embeddable":true,"href":"https:\/\/elektronikk.eu\/nb\/wp-json\/wp\/v2\/product_brand?post=94786569"},{"taxonomy":"product_cat","embeddable":true,"href":"https:\/\/elektronikk.eu\/nb\/wp-json\/wp\/v2\/product_cat?post=94786569"},{"taxonomy":"product_tag","embeddable":true,"href":"https:\/\/elektronikk.eu\/nb\/wp-json\/wp\/v2\/product_tag?post=94786569"}],"curies":[{"name":"wp","href":"https:\/\/api.w.org\/{rel}","templated":true}]}}