{"id":94786568,"date":"2025-12-31T10:12:47","date_gmt":"2025-12-31T09:12:47","guid":{"rendered":"https:\/\/elektronikk.eu\/2340042\/"},"modified":"2026-04-01T21:04:11","modified_gmt":"2026-04-01T19:04:11","slug":"2340042","status":"publish","type":"product","link":"https:\/\/elektronikk.eu\/nb\/2340042\/","title":{"rendered":"Oppvaskmaskinsalt, 1,3 kg"},"content":{"rendered":"<p>Beskyttende oppvaskmaskinsalt virker p\u00e5 flere m\u00e5ter: Fjerner smuss p\u00e5 oppvasken din, sikrer at vannmykneren fungerer effektivt, forhindrer kalkavleiringer i hovedkammeret, r\u00f8r og andre bevegelige deler. Dermed sikres riktig funksjon og lengre levetid for oppvaskmaskinen din.<br \/>\nRegelmessig bruk av beskyttelsessalt forlenger levetiden p\u00e5 oppvaskmaskinen din. Slik bruker du det<br \/>\nPlasser saltet i en egnet beholder i oppvaskmaskinen, i henhold til oppvaskmaskinens anvisninger. Oppvaskmaskinen doserer automatisk riktig mengde salt. Hvis oppvaskmaskinen ikke har en saltindikator, b\u00f8r saltbeholderen fylles \u00e9n gang i uken. Oppbevares t\u00f8rt ved en temperatur p\u00e5 5-25\u00b0C. Beskytt saltet mot frost og direkte sollys.<br \/>\nFor best resultat: bruk innen 3 \u00e5r fra produksjonsdatoen p\u00e5 emballasjen.<br \/>\nProdusenten er ikke ansvarlig for skade som f\u00f8lge av feilaktig bruk av produktet.<br \/>\nUSP 1<br \/>\nBeskyttende oppvaskmaskinsalt<br \/>\nUSP 2<br \/>\n1,3 kg<br \/>\nUSP 3<br \/>\nForlenger levetiden til oppvaskmaskinen din<\/p>","protected":false},"excerpt":{"rendered":"<p>F\u00e5 skinnende ren oppvask med dette oppvaskmaskinsaltet. Oppvaskmaskinsalt forebygger kalkavleiringer (som ofte er \u00e5rsaken til flekker p\u00e5 serviset). Ved \u00e5 bruke oppvaskmaskinsalt forlenger du ogs\u00e5 levetiden p\u00e5 oppvaskmaskinen din.<\/p>","protected":false},"featured_media":94789456,"comment_status":"closed","ping_status":"open","template":"","meta":[],"product_brand":[35307],"product_cat":[35607,35606,35605],"product_tag":[],"class_list":{"0":"post-94786568","1":"product","2":"type-product","3":"status-publish","4":"has-post-thumbnail","6":"product_brand-nordicquality","7":"product_cat-kitchen-cleaners","8":"product_cat-cleaning-chemicals","9":"product_cat-rengjoring-og-vedlikehold","11":"first","12":"onbackorder","13":"purchasable","14":"product-type-simple"},"jetpack_sharing_enabled":true,"_links":{"self":[{"href":"https:\/\/elektronikk.eu\/nb\/wp-json\/wp\/v2\/product\/94786568","targetHints":{"allow":["GET"]}}],"collection":[{"href":"https:\/\/elektronikk.eu\/nb\/wp-json\/wp\/v2\/product"}],"about":[{"href":"https:\/\/elektronikk.eu\/nb\/wp-json\/wp\/v2\/types\/product"}],"replies":[{"embeddable":true,"href":"https:\/\/elektronikk.eu\/nb\/wp-json\/wp\/v2\/comments?post=94786568"}],"wp:featuredmedia":[{"embeddable":true,"href":"https:\/\/elektronikk.eu\/nb\/wp-json\/wp\/v2\/media\/94789456"}],"wp:attachment":[{"href":"https:\/\/elektronikk.eu\/nb\/wp-json\/wp\/v2\/media?parent=94786568"}],"wp:term":[{"taxonomy":"product_brand","embeddable":true,"href":"https:\/\/elektronikk.eu\/nb\/wp-json\/wp\/v2\/product_brand?post=94786568"},{"taxonomy":"product_cat","embeddable":true,"href":"https:\/\/elektronikk.eu\/nb\/wp-json\/wp\/v2\/product_cat?post=94786568"},{"taxonomy":"product_tag","embeddable":true,"href":"https:\/\/elektronikk.eu\/nb\/wp-json\/wp\/v2\/product_tag?post=94786568"}],"curies":[{"name":"wp","href":"https:\/\/api.w.org\/{rel}","templated":true}]}}