{"id":94786565,"date":"2022-08-06T13:54:23","date_gmt":"2022-08-06T11:54:23","guid":{"rendered":"https:\/\/elektronikk.eu\/2340039\/"},"modified":"2026-04-01T21:04:10","modified_gmt":"2026-04-01T19:04:10","slug":"2340039","status":"publish","type":"product","link":"https:\/\/elektronikk.eu\/nb\/2340039\/","title":{"rendered":"Avkalkingsmiddel for jern, 250 ml"},"content":{"rendered":"<p>Dette avkalkingsmiddelet er det ene og eneste for din dampstrykejern. V\u00e5rt avkalkingsmiddel fjerner ikke bare avleiringer og l\u00f8ser opp kalk fra dampstrykejernet ditt. Takket v\u00e6re den spesielle formelen optimaliserer det til og med driften av dampstrykejernet og forlenger levetiden.<br \/>\nBruk ikke p\u00e5 marmor eller galvaniserte\/emaljerte overflater. Slik bruker du<br \/>\nS\u00f8rg for at apparatet er koblet fra str\u00f8mnettet.<br \/>\n1. Still jernet til \u201cingen damp\u201d.<br \/>\n2. Fyll beholderen med 2\/3 vann og 1\/3 avkalkningsmiddel.<br \/>\n3. Sett til dampprogram og varm opp dampstrykejernet i vertikal posisjon. N\u00e5r det er varmt, trekk ut st\u00f8pselet fra kontakten.<br \/>\n4. La det avkj\u00f8les (og la avkalkingsmiddelet virke) i 1 til 2 timer.<br \/>\n5. T\u00f8m beholderen og skyll den flere ganger.<br \/>\n6. Til slutt fylles beholderen med vann, damphjernet varmes opp og dampeknappen brukes flere ganger. Rengj\u00f8r s\u00e5len grundig f\u00f8r stryking.<br \/>\nDistribut\u00f8ren er ikke ansvarlig for skader eller tap som f\u00f8lge av feil bruk av avkalkingsmiddelet.<br \/>\n Holdbarhetsdato: 5 \u00e5r fra produksjonsdatoen angitt p\u00e5 pakningen.<\/p>","protected":false},"excerpt":{"rendered":"<p>En damprenser for jern, optimalisert for ditt dampstrykejern. L\u00f8ser opp kalk og forlenger levetiden p\u00e5 dampstrykejernet ditt.<\/p>","protected":false},"featured_media":94789454,"comment_status":"closed","ping_status":"open","template":"","meta":[],"product_brand":[35307],"product_cat":[35606,35605],"product_tag":[],"class_list":{"0":"post-94786565","1":"product","2":"type-product","3":"status-publish","4":"has-post-thumbnail","6":"product_brand-nordicquality","7":"product_cat-cleaning-chemicals","8":"product_cat-rengjoring-og-vedlikehold","10":"first","11":"onbackorder","12":"purchasable","13":"product-type-simple"},"jetpack_sharing_enabled":true,"_links":{"self":[{"href":"https:\/\/elektronikk.eu\/nb\/wp-json\/wp\/v2\/product\/94786565","targetHints":{"allow":["GET"]}}],"collection":[{"href":"https:\/\/elektronikk.eu\/nb\/wp-json\/wp\/v2\/product"}],"about":[{"href":"https:\/\/elektronikk.eu\/nb\/wp-json\/wp\/v2\/types\/product"}],"replies":[{"embeddable":true,"href":"https:\/\/elektronikk.eu\/nb\/wp-json\/wp\/v2\/comments?post=94786565"}],"wp:featuredmedia":[{"embeddable":true,"href":"https:\/\/elektronikk.eu\/nb\/wp-json\/wp\/v2\/media\/94789454"}],"wp:attachment":[{"href":"https:\/\/elektronikk.eu\/nb\/wp-json\/wp\/v2\/media?parent=94786565"}],"wp:term":[{"taxonomy":"product_brand","embeddable":true,"href":"https:\/\/elektronikk.eu\/nb\/wp-json\/wp\/v2\/product_brand?post=94786565"},{"taxonomy":"product_cat","embeddable":true,"href":"https:\/\/elektronikk.eu\/nb\/wp-json\/wp\/v2\/product_cat?post=94786565"},{"taxonomy":"product_tag","embeddable":true,"href":"https:\/\/elektronikk.eu\/nb\/wp-json\/wp\/v2\/product_tag?post=94786565"}],"curies":[{"name":"wp","href":"https:\/\/api.w.org\/{rel}","templated":true}]}}