{"id":94786563,"date":"2025-12-31T10:12:47","date_gmt":"2025-12-31T09:12:47","guid":{"rendered":"https:\/\/elektronikk.eu\/2340035\/"},"modified":"2026-04-01T21:04:10","modified_gmt":"2026-04-01T19:04:10","slug":"2340035","status":"publish","type":"product","link":"https:\/\/elektronikk.eu\/nb\/2340035\/","title":{"rendered":"Dusj- og baderomsrengj\u00f8ring, 500 ml"},"content":{"rendered":"<p>HVORDAN BRUKE<br \/>\n1. P\u00e5f\u00f8r produktet p\u00e5 den skitne overflaten og vent noen minutter.<br \/>\n2. Skyll overflaten grundig med vann og t\u00f8rk av. Ved tvil anbefales det \u00e5 teste p\u00e5 en liten og lite synlig del av overflaten.<br \/>\nProdusenten er ikke ansvarlig for skader eller tap som f\u00f8lge av feil bruk av produktet.<br \/>\nHoldbarhetsdato: 5 \u00e5r fra produksjonsdatoen angitt p\u00e5 pakningen.<br \/>\nAdvarsel<br \/>\nGir alvorlig \u00f8yeirritasjon. Ved leggetilsyn, ha produktets beholder eller etikett tilgjengelig. Oppbevares utilgjengelig for barn. Vask hender og eksponerte deler av kroppen grundig etter h\u00e5ndtering. Bruk vernebriller. VED S\u00d8NDERSTIKKING: Skyll forsiktig med vann i flere minutter. Fjern eventuelle kontaktlinser hvis det er enkelt. Fortsett skylling. Ved vedvarende \u00f8yeirritasjon: S\u00f8k legehjelp.<\/p>","protected":false},"excerpt":{"rendered":"<p>Dette dusj- og baderomsrensemiddelet fjerner effektivt avleiringer fra kalk, s\u00e5pe, vannflekker og annet smuss. Kan brukes til dusjkabinetter og badekar. Det riper ikke overflaten. Etterlater overflaten frisk og skinnende.<\/p>","protected":false},"featured_media":94789453,"comment_status":"closed","ping_status":"open","template":"","meta":[],"product_brand":[35307],"product_cat":[35606,35605],"product_tag":[],"class_list":{"0":"post-94786563","1":"product","2":"type-product","3":"status-publish","4":"has-post-thumbnail","6":"product_brand-nordicquality","7":"product_cat-cleaning-chemicals","8":"product_cat-rengjoring-og-vedlikehold","10":"first","11":"onbackorder","12":"purchasable","13":"product-type-simple"},"jetpack_sharing_enabled":true,"_links":{"self":[{"href":"https:\/\/elektronikk.eu\/nb\/wp-json\/wp\/v2\/product\/94786563","targetHints":{"allow":["GET"]}}],"collection":[{"href":"https:\/\/elektronikk.eu\/nb\/wp-json\/wp\/v2\/product"}],"about":[{"href":"https:\/\/elektronikk.eu\/nb\/wp-json\/wp\/v2\/types\/product"}],"replies":[{"embeddable":true,"href":"https:\/\/elektronikk.eu\/nb\/wp-json\/wp\/v2\/comments?post=94786563"}],"wp:featuredmedia":[{"embeddable":true,"href":"https:\/\/elektronikk.eu\/nb\/wp-json\/wp\/v2\/media\/94789453"}],"wp:attachment":[{"href":"https:\/\/elektronikk.eu\/nb\/wp-json\/wp\/v2\/media?parent=94786563"}],"wp:term":[{"taxonomy":"product_brand","embeddable":true,"href":"https:\/\/elektronikk.eu\/nb\/wp-json\/wp\/v2\/product_brand?post=94786563"},{"taxonomy":"product_cat","embeddable":true,"href":"https:\/\/elektronikk.eu\/nb\/wp-json\/wp\/v2\/product_cat?post=94786563"},{"taxonomy":"product_tag","embeddable":true,"href":"https:\/\/elektronikk.eu\/nb\/wp-json\/wp\/v2\/product_tag?post=94786563"}],"curies":[{"name":"wp","href":"https:\/\/api.w.org\/{rel}","templated":true}]}}