{"id":94786561,"date":"2025-12-31T10:12:47","date_gmt":"2025-12-31T09:12:47","guid":{"rendered":"https:\/\/elektronikk.eu\/2340030\/"},"modified":"2026-04-01T21:04:09","modified_gmt":"2026-04-01T19:04:09","slug":"2340030","status":"publish","type":"product","link":"https:\/\/elektronikk.eu\/nb\/2340030\/","title":{"rendered":"Rengj\u00f8ring av kj\u00f8leskap og fryser, 500 ml"},"content":{"rendered":"<p>Hvordan bruke<br \/>\nF\u00f8r bruk av produktet: t\u00f8m kj\u00f8leskapet helt for all mat.<br \/>\n1. Vri spraydysen mot den skitne overflaten.<br \/>\nSpray overflaten som skal rengj\u00f8res og t\u00f8rk den av.<br \/>\n3. T\u00f8rk med en klut fuktet med rent vann og t\u00f8rk den t\u00f8rr igjen. Det anbefales \u00e5 rengj\u00f8re kj\u00f8leskapet \u00e9n gang i m\u00e5neden.<\/p>\n<p>Produsenten er ikke ansvarlig for skader eller tap som f\u00f8lge av feil bruk av produktet.<\/p>\n<p>Holdbarhetsdato: 5 \u00e5r fra produksjonsdatoen angitt p\u00e5 pakningen. <\/p>\n<p>Forsiktig<br \/>\nGir alvorlig \u00f8yeirritasjon. Oppbevares utilgjengelig for barn. Skyll forsiktig med vann i flere minutter. Fjern eventuelle kontaktlinser hvis dette er enkelt. Fortsett skyllingen. Ved vedvarende \u00f8yeirritasjon: S\u00f8k legehjelp.<\/p>","protected":false},"excerpt":{"rendered":"<p>Dette kj\u00f8leskap- og fryserrengj\u00f8ringsmiddelet rengj\u00f8r, frisker opp, fjerner flekker og matrester i kj\u00f8leskap og frysere. Eliminerer ubehagelig lukt fra kj\u00f8leskapet, og etterlater en behagelig, frisk duft. Bidrar ogs\u00e5 til \u00e5 fjerne frost i frysere.<\/p>","protected":false},"featured_media":94789451,"comment_status":"closed","ping_status":"open","template":"","meta":[],"product_brand":[35307],"product_cat":[35607,35606,35605],"product_tag":[],"class_list":{"0":"post-94786561","1":"product","2":"type-product","3":"status-publish","4":"has-post-thumbnail","6":"product_brand-nordicquality","7":"product_cat-kitchen-cleaners","8":"product_cat-cleaning-chemicals","9":"product_cat-rengjoring-og-vedlikehold","11":"first","12":"onbackorder","13":"purchasable","14":"product-type-simple"},"jetpack_sharing_enabled":true,"_links":{"self":[{"href":"https:\/\/elektronikk.eu\/nb\/wp-json\/wp\/v2\/product\/94786561","targetHints":{"allow":["GET"]}}],"collection":[{"href":"https:\/\/elektronikk.eu\/nb\/wp-json\/wp\/v2\/product"}],"about":[{"href":"https:\/\/elektronikk.eu\/nb\/wp-json\/wp\/v2\/types\/product"}],"replies":[{"embeddable":true,"href":"https:\/\/elektronikk.eu\/nb\/wp-json\/wp\/v2\/comments?post=94786561"}],"wp:featuredmedia":[{"embeddable":true,"href":"https:\/\/elektronikk.eu\/nb\/wp-json\/wp\/v2\/media\/94789451"}],"wp:attachment":[{"href":"https:\/\/elektronikk.eu\/nb\/wp-json\/wp\/v2\/media?parent=94786561"}],"wp:term":[{"taxonomy":"product_brand","embeddable":true,"href":"https:\/\/elektronikk.eu\/nb\/wp-json\/wp\/v2\/product_brand?post=94786561"},{"taxonomy":"product_cat","embeddable":true,"href":"https:\/\/elektronikk.eu\/nb\/wp-json\/wp\/v2\/product_cat?post=94786561"},{"taxonomy":"product_tag","embeddable":true,"href":"https:\/\/elektronikk.eu\/nb\/wp-json\/wp\/v2\/product_tag?post=94786561"}],"curies":[{"name":"wp","href":"https:\/\/api.w.org\/{rel}","templated":true}]}}