{"id":94786251,"date":"2025-09-26T10:21:16","date_gmt":"2025-09-26T08:21:16","guid":{"rendered":"https:\/\/elektronikk.eu\/?post_type=product&#038;p=94786251"},"modified":"2025-09-26T10:32:06","modified_gmt":"2025-09-26T08:32:06","slug":"mini-cat-5-dvi-forlenger-20m","status":"publish","type":"product","link":"https:\/\/elektronikk.eu\/nb\/mini-cat-5-dvi-extender-20m\/","title":{"rendered":"Mini Cat 5 DVI Extender 20m"},"content":{"rendered":"<p>Signalforsterker, DVI-D, Cat5, 20 m. Signalforsterker for \u00e5 kunne forlenge DVI-D-signalet opp til 20 meter over Cat5-kabel.<\/p>\n<p>&nbsp;<\/p>\n<p>- Forlenger avstanden mellom DVI-kilden og DVI-skjermen<br \/>\n\u2022 Bruker Cat 5e-kabel for \u00e5 koble sammen sender- og mottakerenhetene<br \/>\n\u2022 Langdistanseoverf\u00f8ring \u2013 opptil 15 m for 1080p; opptil 15 m for 1600 x 1200; opptil 20 m for 1080i (HDTV)<br \/>\n\u2022 HDCP 1.1-kompatibel<br \/>\n\u2022 St\u00f8tter \"hot-plugging\"<br \/>\n\u2022 Overlegen videokvalitet \u2013 HDTV-oppl\u00f8sninger p\u00e5 720p, 1080i og 1080p (1600 x 1200); SVGA, SXGA, UXGA og WUXGA (1920\u00d71200) \u2022 Kompakt hus<br \/>\n\u2022 Kompatibel med alle ATEN DVI-svitsjer og DVI-splittere<br \/>\n\u2022 St\u00f8tter LCD-skjermer, plasm-TV-er og projektorer<br \/>\n\u2022 Perfekt for hjemmeunderholdningssystemer, banker, overv\u00e5kingssystemer, multimediautstillinger utend\u00f8rs, flyplasser, finansinstitusjoner<br \/>\n\u2022 Smart Video Display \u2013 Bildekvaliteten optimaliseres basert p\u00e5 tilgjengelig oppl\u00f8sning p\u00e5 utdataenheten<\/p>","protected":false},"excerpt":{"rendered":"<p>Signal amplifier, DVI-D, Cat5, 20m. Signal amplifier to be able to extend the DVI-D signal up to 20 meters over Cat5 cable. &nbsp; \u2022 Extends the distance between DVI source and DVI display \u2022 Uses Cat 5e cable to connect the Transmitter and Receiver units \u2022 Long distance transmission \u2013 up to 15 m for [&#8230;]\n","protected":false},"featured_media":94786252,"comment_status":"open","ping_status":"closed","template":"","meta":[],"product_brand":[],"product_cat":[],"product_tag":[],"class_list":{"0":"post-94786251","1":"product","2":"type-product","3":"status-publish","4":"has-post-thumbnail","7":"first","8":"instock","9":"sale","10":"taxable","11":"shipping-taxable","12":"purchasable","13":"product-type-simple"},"jetpack_sharing_enabled":true,"_links":{"self":[{"href":"https:\/\/elektronikk.eu\/nb\/wp-json\/wp\/v2\/product\/94786251","targetHints":{"allow":["GET"]}}],"collection":[{"href":"https:\/\/elektronikk.eu\/nb\/wp-json\/wp\/v2\/product"}],"about":[{"href":"https:\/\/elektronikk.eu\/nb\/wp-json\/wp\/v2\/types\/product"}],"replies":[{"embeddable":true,"href":"https:\/\/elektronikk.eu\/nb\/wp-json\/wp\/v2\/comments?post=94786251"}],"wp:featuredmedia":[{"embeddable":true,"href":"https:\/\/elektronikk.eu\/nb\/wp-json\/wp\/v2\/media\/94786252"}],"wp:attachment":[{"href":"https:\/\/elektronikk.eu\/nb\/wp-json\/wp\/v2\/media?parent=94786251"}],"wp:term":[{"taxonomy":"product_brand","embeddable":true,"href":"https:\/\/elektronikk.eu\/nb\/wp-json\/wp\/v2\/product_brand?post=94786251"},{"taxonomy":"product_cat","embeddable":true,"href":"https:\/\/elektronikk.eu\/nb\/wp-json\/wp\/v2\/product_cat?post=94786251"},{"taxonomy":"product_tag","embeddable":true,"href":"https:\/\/elektronikk.eu\/nb\/wp-json\/wp\/v2\/product_tag?post=94786251"}],"curies":[{"name":"wp","href":"https:\/\/api.w.org\/{rel}","templated":true}]}}