{"id":94784283,"date":"2025-12-31T10:11:21","date_gmt":"2025-12-31T09:11:21","guid":{"rendered":"https:\/\/elektronikk.eu\/1903158\/"},"modified":"2026-01-14T08:54:56","modified_gmt":"2026-01-14T07:54:56","slug":"1903158","status":"publish","type":"product","link":"https:\/\/elektronikk.eu\/nb\/1903158\/","title":{"rendered":"USB GaN vegglader 1x USB-A 18 W, 1x USB-C PD 30 W, PPS"},"content":{"rendered":"<p>USB GaN vegglader 1x USB-A 18 W, 1x USB-C PD 30 W, PPS<\/p>","protected":false},"excerpt":{"rendered":"<p>DELTACO Dual GaN-vegglader passer for b\u00e5de USB-A- og USB-C-kabler. Dette gj\u00f8r den flott for dine mer krevende enheter som telefoner, nettbrett og til og med b\u00e6rbare datamaskiner. Denne laderen har en total effekt p\u00e5 33 W og opptil 30 W med en USB-C PD- eller en USB-A-kabel.<br \/>\nHvis du bruker begge porter samtidig, er total utgangseffekt 20 W. Veggladeren er selvsagt optimalisert med sikkerhetsfunksjoner: temperaturkontroll, overstr\u00f8m-, overspennings-, kortslutnings- og overspenningsvern.<\/p>","protected":false},"featured_media":94779020,"comment_status":"closed","ping_status":"open","template":"","meta":[],"product_brand":[35291],"product_cat":[35536,35523],"product_tag":[21751],"class_list":{"0":"post-94784283","1":"product","2":"type-product","3":"status-publish","4":"has-post-thumbnail","6":"product_brand-deltaco","7":"product_cat-kommunikasjon","8":"product_cat-lader","9":"product_tag-wall-charger","11":"first","12":"onbackorder","13":"purchasable","14":"product-type-simple"},"jetpack_sharing_enabled":true,"_links":{"self":[{"href":"https:\/\/elektronikk.eu\/nb\/wp-json\/wp\/v2\/product\/94784283","targetHints":{"allow":["GET"]}}],"collection":[{"href":"https:\/\/elektronikk.eu\/nb\/wp-json\/wp\/v2\/product"}],"about":[{"href":"https:\/\/elektronikk.eu\/nb\/wp-json\/wp\/v2\/types\/product"}],"replies":[{"embeddable":true,"href":"https:\/\/elektronikk.eu\/nb\/wp-json\/wp\/v2\/comments?post=94784283"}],"wp:featuredmedia":[{"embeddable":true,"href":"https:\/\/elektronikk.eu\/nb\/wp-json\/wp\/v2\/media\/94779020"}],"wp:attachment":[{"href":"https:\/\/elektronikk.eu\/nb\/wp-json\/wp\/v2\/media?parent=94784283"}],"wp:term":[{"taxonomy":"product_brand","embeddable":true,"href":"https:\/\/elektronikk.eu\/nb\/wp-json\/wp\/v2\/product_brand?post=94784283"},{"taxonomy":"product_cat","embeddable":true,"href":"https:\/\/elektronikk.eu\/nb\/wp-json\/wp\/v2\/product_cat?post=94784283"},{"taxonomy":"product_tag","embeddable":true,"href":"https:\/\/elektronikk.eu\/nb\/wp-json\/wp\/v2\/product_tag?post=94784283"}],"curies":[{"name":"wp","href":"https:\/\/api.w.org\/{rel}","templated":true}]}}