{"id":94784281,"date":"2025-12-31T10:11:21","date_gmt":"2025-12-31T09:11:21","guid":{"rendered":"https:\/\/elektronikk.eu\/1903152\/"},"modified":"2026-04-01T21:03:46","modified_gmt":"2026-04-01T19:03:46","slug":"1903152","status":"publish","type":"product","link":"https:\/\/elektronikk.eu\/nb\/1903152\/","title":{"rendered":"USB-vegglader, 1x USB-A 18 W, 1x USB-C PD 20 W, svart"},"content":{"rendered":"<p>USB-vegglader, 1x USB-A 18 W, 1x USB-C PD 20 W, svart<\/p>","protected":false},"excerpt":{"rendered":"<p>Unng\u00e5 \u00e5 b\u00e6re rundt p\u00e5 forskjellige ladere for enhetene dine.<br \/>\nMed denne veggladeren med doble USB-porter (USB-A og USB-C) kan du alltid v\u00e6re sikker p\u00e5 at du har en adapter som passer, og du kan lade to enheter samtidig.<\/p>\n<p>Denne laderen kan brukes til alle dine kompatible enheter; mobiltelefon, mindre nettbrett, hodetelefoner og mer!<\/p>\n<p>V.<\/p>","protected":false},"featured_media":94776692,"comment_status":"closed","ping_status":"open","template":"","meta":[],"product_brand":[35291],"product_cat":[35536,35523],"product_tag":[21751],"class_list":{"0":"post-94784281","1":"product","2":"type-product","3":"status-publish","4":"has-post-thumbnail","6":"product_brand-deltaco","7":"product_cat-kommunikasjon","8":"product_cat-lader","9":"product_tag-wall-charger","11":"first","12":"onbackorder","13":"purchasable","14":"product-type-simple"},"jetpack_sharing_enabled":true,"_links":{"self":[{"href":"https:\/\/elektronikk.eu\/nb\/wp-json\/wp\/v2\/product\/94784281","targetHints":{"allow":["GET"]}}],"collection":[{"href":"https:\/\/elektronikk.eu\/nb\/wp-json\/wp\/v2\/product"}],"about":[{"href":"https:\/\/elektronikk.eu\/nb\/wp-json\/wp\/v2\/types\/product"}],"replies":[{"embeddable":true,"href":"https:\/\/elektronikk.eu\/nb\/wp-json\/wp\/v2\/comments?post=94784281"}],"wp:featuredmedia":[{"embeddable":true,"href":"https:\/\/elektronikk.eu\/nb\/wp-json\/wp\/v2\/media\/94776692"}],"wp:attachment":[{"href":"https:\/\/elektronikk.eu\/nb\/wp-json\/wp\/v2\/media?parent=94784281"}],"wp:term":[{"taxonomy":"product_brand","embeddable":true,"href":"https:\/\/elektronikk.eu\/nb\/wp-json\/wp\/v2\/product_brand?post=94784281"},{"taxonomy":"product_cat","embeddable":true,"href":"https:\/\/elektronikk.eu\/nb\/wp-json\/wp\/v2\/product_cat?post=94784281"},{"taxonomy":"product_tag","embeddable":true,"href":"https:\/\/elektronikk.eu\/nb\/wp-json\/wp\/v2\/product_tag?post=94784281"}],"curies":[{"name":"wp","href":"https:\/\/api.w.org\/{rel}","templated":true}]}}