{"id":94784059,"date":"2025-12-31T10:11:21","date_gmt":"2025-12-31T09:11:21","guid":{"rendered":"https:\/\/elektronikk.eu\/1902344\/"},"modified":"2026-04-01T21:03:36","modified_gmt":"2026-04-01T19:03:36","slug":"1902344","status":"publish","type":"product","link":"https:\/\/elektronikk.eu\/nb\/1902344\/","title":{"rendered":"Rengj\u00f8ringssett for \u00f8retelefoner, \u00f8replugger og hodesett, hvit"},"content":{"rendered":"<p>\u00d8retelefonrensepen, metallspiss, b\u00f8rste, svamp, v\u00e6ske<\/p>","protected":false},"excerpt":{"rendered":"<p>DELTACO Rensepennen kombinerer en integrert b\u00f8rste, metallspiss og svamp for effektiv rengj\u00f8ring av \u00f8retelefoner, \u00f8repropper og hodesett. Designet fremmer allsidighet og tilbyr brukerne et omfattende 3-i-1 verkt\u00f8y for vedlikehold av rene periferienheter. Sammen med en rengj\u00f8ringsl\u00f8sning sikrer dette settet grundig fjerning av smuss og rester, og forlenger levetiden p\u00e5 utstyret ditt.<\/p>","protected":false},"featured_media":94776666,"comment_status":"closed","ping_status":"open","template":"","meta":[],"product_brand":[35291],"product_cat":[35573,35529,35530],"product_tag":[],"class_list":{"0":"post-94784059","1":"product","2":"type-product","3":"status-publish","4":"has-post-thumbnail","6":"product_brand-deltaco","7":"product_cat-hodetelefon-tilbehor","8":"product_cat-lyd-og-bilde","9":"product_cat-tilbehor","11":"first","12":"onbackorder","13":"purchasable","14":"product-type-simple"},"jetpack_sharing_enabled":true,"_links":{"self":[{"href":"https:\/\/elektronikk.eu\/nb\/wp-json\/wp\/v2\/product\/94784059","targetHints":{"allow":["GET"]}}],"collection":[{"href":"https:\/\/elektronikk.eu\/nb\/wp-json\/wp\/v2\/product"}],"about":[{"href":"https:\/\/elektronikk.eu\/nb\/wp-json\/wp\/v2\/types\/product"}],"replies":[{"embeddable":true,"href":"https:\/\/elektronikk.eu\/nb\/wp-json\/wp\/v2\/comments?post=94784059"}],"wp:featuredmedia":[{"embeddable":true,"href":"https:\/\/elektronikk.eu\/nb\/wp-json\/wp\/v2\/media\/94776666"}],"wp:attachment":[{"href":"https:\/\/elektronikk.eu\/nb\/wp-json\/wp\/v2\/media?parent=94784059"}],"wp:term":[{"taxonomy":"product_brand","embeddable":true,"href":"https:\/\/elektronikk.eu\/nb\/wp-json\/wp\/v2\/product_brand?post=94784059"},{"taxonomy":"product_cat","embeddable":true,"href":"https:\/\/elektronikk.eu\/nb\/wp-json\/wp\/v2\/product_cat?post=94784059"},{"taxonomy":"product_tag","embeddable":true,"href":"https:\/\/elektronikk.eu\/nb\/wp-json\/wp\/v2\/product_tag?post=94784059"}],"curies":[{"name":"wp","href":"https:\/\/api.w.org\/{rel}","templated":true}]}}