{"id":94783844,"date":"2025-12-31T10:03:39","date_gmt":"2025-12-31T09:03:39","guid":{"rendered":"https:\/\/elektronikk.eu\/usbc-ac150\/"},"modified":"2026-04-01T21:10:30","modified_gmt":"2026-04-01T19:10:30","slug":"usbc-ac150","status":"publish","type":"product","link":"https:\/\/elektronikk.eu\/nb\/usbc-ac150\/","title":{"rendered":"USB-C mini vegglader, 1x USB-C, PD 20 W"},"content":{"rendered":"<p>Laderen har \u00e9n USB-C-port, som lar deg raskt lade enheten din uten bryderiet med flere kabler. Dens avanserte sikkerhetsfunksjoner sikrer at enheten din er beskyttet mot overladning, overoppheting og kortslutning. Rask og trygg lading \u2013 i en kompakt og praktisk pakke.<\/p>","protected":false},"excerpt":{"rendered":"<p>Denne kompakte USB-C mini-veggladeren er en liten, men kraftig lader som er perfekt for reiser og lading p\u00e5 farten. Selv om den har en beleilig liten st\u00f8rrelse, har den en kraftig spenning p\u00e5 20 W. Med 20 W kan du lade en iPad Pro 11\u2033 til 100 % p\u00e5 litt over et par timer (det tar over 8 timer med en vanlig lader) eller fullade en iPhone p\u00e5 like under 2 timer.<\/p>","protected":false},"featured_media":94778523,"comment_status":"closed","ping_status":"open","template":"","meta":[],"product_brand":[35291],"product_cat":[35575,35574],"product_tag":[],"class_list":{"0":"post-94783844","1":"product","2":"type-product","3":"status-publish","4":"has-post-thumbnail","6":"product_brand-deltaco","7":"product_cat-notebook-tilbehor","8":"product_cat-systems","10":"first","11":"onbackorder","12":"purchasable","13":"product-type-simple"},"jetpack_sharing_enabled":true,"_links":{"self":[{"href":"https:\/\/elektronikk.eu\/nb\/wp-json\/wp\/v2\/product\/94783844","targetHints":{"allow":["GET"]}}],"collection":[{"href":"https:\/\/elektronikk.eu\/nb\/wp-json\/wp\/v2\/product"}],"about":[{"href":"https:\/\/elektronikk.eu\/nb\/wp-json\/wp\/v2\/types\/product"}],"replies":[{"embeddable":true,"href":"https:\/\/elektronikk.eu\/nb\/wp-json\/wp\/v2\/comments?post=94783844"}],"wp:featuredmedia":[{"embeddable":true,"href":"https:\/\/elektronikk.eu\/nb\/wp-json\/wp\/v2\/media\/94778523"}],"wp:attachment":[{"href":"https:\/\/elektronikk.eu\/nb\/wp-json\/wp\/v2\/media?parent=94783844"}],"wp:term":[{"taxonomy":"product_brand","embeddable":true,"href":"https:\/\/elektronikk.eu\/nb\/wp-json\/wp\/v2\/product_brand?post=94783844"},{"taxonomy":"product_cat","embeddable":true,"href":"https:\/\/elektronikk.eu\/nb\/wp-json\/wp\/v2\/product_cat?post=94783844"},{"taxonomy":"product_tag","embeddable":true,"href":"https:\/\/elektronikk.eu\/nb\/wp-json\/wp\/v2\/product_tag?post=94783844"}],"curies":[{"name":"wp","href":"https:\/\/api.w.org\/{rel}","templated":true}]}}