{"id":94783774,"date":"2025-12-31T10:03:39","date_gmt":"2025-12-31T09:03:39","guid":{"rendered":"https:\/\/elektronikk.eu\/ult-nh1000aaa-4p\/"},"modified":"2026-04-01T21:10:18","modified_gmt":"2026-04-01T19:10:18","slug":"ult-nh1000aaa-4p","status":"publish","type":"product","link":"https:\/\/elektronikk.eu\/nb\/ult-nh1000aaa-4p\/","title":{"rendered":"Ultimate Ni-Mh oppladbare, LR03\/AAA st\u00f8rrelse, 1000mAh, 4-pakning"},"content":{"rendered":"<p>Til bruk i batteridrevne enheter fra kameraer og blitser til radioer, lommelykter, spillkontrollere, babyvarslere og tr\u00e5dl\u00f8se enheter. Svanemerket er nordisk milj\u00f8merkings offisielle milj\u00f8merke, og de gransker n\u00f8ye milj\u00f8p\u00e5virkningen av varer og tjenester gjennom hele livssyklusen, fra r\u00e5varer til avfall og resirkulering. Svanemerket setter strenge klima- og milj\u00f8krav, men ogs\u00e5 krav til funksjonalitet og kvalitet. Dette, sammen med den minimalistiske og FSC-merkede emballasjen, gj\u00f8r batteriene v\u00e5re til et mer b\u00e6rekraftig og milj\u00f8vennlig valg.<\/p>\n<p>V\u00e5re pakker lages uten bruk av plast, vi er stolte av \u00e5 ha innovative og 100% fiberbaserte (papp og papir) pakker, og de er i sin tur laget med minst mulig materiale og s\u00e5 sm\u00e5 som mulig, noe som resulterer i en mer b\u00e6rekraftig pakke. Det er 0 % kvikks\u00f8lv, bly og kadmium i batteriene v\u00e5re, noe som gj\u00f8r hvert kj\u00f8p til et mer ansvarlig valg og selvf\u00f8lgelig mindre milj\u00f8p\u00e5virkning. Lagringstemperatur er: 10\u00b0C til +40\u00b0C<\/p>","protected":false},"excerpt":{"rendered":"<p>Nordisk Svanemerkede oppladbare AAA-batterier (HR03) av NiMH-typen. Langvarige n\u00e5r de brukes i favorittapparatene og lekene dine. Men ogs\u00e5 lang holdbarhet i lagring, alltid klare n\u00e5r du trenger dem aller mest. Selvf\u00f8lgelig er batteriene v\u00e5re laget med lekkasjebeskyttelse. Kan lades med en NiMH-batterilader. Holder til opptil 300 oppladinger.<\/p>","protected":false},"featured_media":94778480,"comment_status":"closed","ping_status":"open","template":"","meta":[],"product_brand":[35291],"product_cat":[35570],"product_tag":[],"class_list":{"0":"post-94783774","1":"product","2":"type-product","3":"status-publish","4":"has-post-thumbnail","6":"product_brand-deltaco","7":"product_cat-batterier","9":"first","10":"onbackorder","11":"purchasable","12":"product-type-simple"},"jetpack_sharing_enabled":true,"_links":{"self":[{"href":"https:\/\/elektronikk.eu\/nb\/wp-json\/wp\/v2\/product\/94783774","targetHints":{"allow":["GET"]}}],"collection":[{"href":"https:\/\/elektronikk.eu\/nb\/wp-json\/wp\/v2\/product"}],"about":[{"href":"https:\/\/elektronikk.eu\/nb\/wp-json\/wp\/v2\/types\/product"}],"replies":[{"embeddable":true,"href":"https:\/\/elektronikk.eu\/nb\/wp-json\/wp\/v2\/comments?post=94783774"}],"wp:featuredmedia":[{"embeddable":true,"href":"https:\/\/elektronikk.eu\/nb\/wp-json\/wp\/v2\/media\/94778480"}],"wp:attachment":[{"href":"https:\/\/elektronikk.eu\/nb\/wp-json\/wp\/v2\/media?parent=94783774"}],"wp:term":[{"taxonomy":"product_brand","embeddable":true,"href":"https:\/\/elektronikk.eu\/nb\/wp-json\/wp\/v2\/product_brand?post=94783774"},{"taxonomy":"product_cat","embeddable":true,"href":"https:\/\/elektronikk.eu\/nb\/wp-json\/wp\/v2\/product_cat?post=94783774"},{"taxonomy":"product_tag","embeddable":true,"href":"https:\/\/elektronikk.eu\/nb\/wp-json\/wp\/v2\/product_tag?post=94783774"}],"curies":[{"name":"wp","href":"https:\/\/api.w.org\/{rel}","templated":true}]}}