{"id":94783711,"date":"2025-12-31T10:03:39","date_gmt":"2025-12-31T09:03:39","guid":{"rendered":"https:\/\/elektronikk.eu\/tpf-1313\/"},"modified":"2026-04-01T21:10:12","modified_gmt":"2026-04-01T19:10:12","slug":"tpf-1313","status":"publish","type":"product","link":"https:\/\/elektronikk.eu\/nb\/tpf-1313\/","title":{"rendered":"Silikondeksel iPad Air 11\u2033\/Air 10.9\u2033 4\/5 gen, iPad 10.9\u2033 10 gen, Pro 11\u2033 2\/3\/4 gen, rosa"},"content":{"rendered":"<p>Silikondeksel iPad Air 11\u2033\/Air10.9\u20334\/5, 10.9\u203310\/Pro11\u20333\/4,pi<\/p>","protected":false},"excerpt":{"rendered":"<p>Er du en av dem som virker til \u00e5 alltid ha litt ekstra glatte hender n\u00e5r du holder nettbrettet ditt? Spesielt hvis det er nytt? Med DELTACO silikondeksel kan du f\u00f8le deg trygg selv med et glatt grep.<\/p>","protected":false},"featured_media":94778451,"comment_status":"closed","ping_status":"open","template":"","meta":[],"product_brand":[35291],"product_cat":[35534,35535,35533],"product_tag":[21725],"class_list":{"0":"post-94783711","1":"product","2":"type-product","3":"status-publish","4":"has-post-thumbnail","6":"product_brand-deltaco","7":"product_cat-notebook-tablet-accessories","8":"product_cat-tablet-carrying-cases","9":"product_cat-tilbehor-components-accessories","10":"product_tag-tablet-carrying-cases","12":"first","13":"onbackorder","14":"purchasable","15":"product-type-simple"},"jetpack_sharing_enabled":true,"_links":{"self":[{"href":"https:\/\/elektronikk.eu\/nb\/wp-json\/wp\/v2\/product\/94783711","targetHints":{"allow":["GET"]}}],"collection":[{"href":"https:\/\/elektronikk.eu\/nb\/wp-json\/wp\/v2\/product"}],"about":[{"href":"https:\/\/elektronikk.eu\/nb\/wp-json\/wp\/v2\/types\/product"}],"replies":[{"embeddable":true,"href":"https:\/\/elektronikk.eu\/nb\/wp-json\/wp\/v2\/comments?post=94783711"}],"wp:featuredmedia":[{"embeddable":true,"href":"https:\/\/elektronikk.eu\/nb\/wp-json\/wp\/v2\/media\/94778451"}],"wp:attachment":[{"href":"https:\/\/elektronikk.eu\/nb\/wp-json\/wp\/v2\/media?parent=94783711"}],"wp:term":[{"taxonomy":"product_brand","embeddable":true,"href":"https:\/\/elektronikk.eu\/nb\/wp-json\/wp\/v2\/product_brand?post=94783711"},{"taxonomy":"product_cat","embeddable":true,"href":"https:\/\/elektronikk.eu\/nb\/wp-json\/wp\/v2\/product_cat?post=94783711"},{"taxonomy":"product_tag","embeddable":true,"href":"https:\/\/elektronikk.eu\/nb\/wp-json\/wp\/v2\/product_tag?post=94783711"}],"curies":[{"name":"wp","href":"https:\/\/api.w.org\/{rel}","templated":true}]}}