{"id":94783654,"date":"2025-12-31T10:03:10","date_gmt":"2025-12-31T09:03:10","guid":{"rendered":"https:\/\/elektronikk.eu\/smp-90w12\/"},"modified":"2026-04-01T21:10:00","modified_gmt":"2026-04-01T19:10:00","slug":"smp-90w12","status":"publish","type":"product","link":"https:\/\/elektronikk.eu\/nb\/smp-90w12\/","title":{"rendered":"PC-lader, 15-20 V, 6 A, 90 W, 12 tupper, svart"},"content":{"rendered":"<p>DC-tips inkludert:<br \/>\nNO. 02 (6,5 x 4,3 mm \/ 19-19,5V \/ 2,15A-4,7A)<br \/>\nFUJITSU, SONY<\/p>\n<p>NO. 05 (Svart) (5,5 x 2,5 mm \/ 18,5 V-19 V \/ 3,16 A-4,9 A)<br \/>\nDELTA, HP, COMPAQ, DELL, NEC, TOSHIBA, LITEON, IBM, ACER, ASUS, FUJITSU, GATEWAY og LENOVO<\/p>\n<p>NO. 07 (5.5 x 1.7 mm \/ 19 V \/ 1,58 A\u20134,74 A)<br \/>\nACER, DELL, HP, LITEON  <\/p>\n<p>NO. 08 (4,8 x 1,7 mm \/ 18,5\u201319V \/ 2,1A\u20134,9A)<br \/>\nHP, DELTA, NEC, COMPAQ, ASUS, LG, ACER<\/p>\n<p>NO. 09 (7,4 x 5,0 mm \/ 19,5 V \/ 2,64\u20134,62 A)<br \/>\nDELL<\/p>\n<p>NO. 10 (7.4 x 5.0 mm \/ 18.5V-19 V \/ 3.5A-4.9A)<br \/>\nHP, COMPAQ<\/p>\n<p>NR. 13 (5,5 x 3,4 mm \/ 19 V \/ 2A-4,74A)<br \/>\nSAMSUNG<\/p>\n<p>NO. 15 (7,9 x 5,5 mm \/ 20 V \/ 3,25 A-4,5 A)<br \/>\nIBM <\/p>\n<p>NO. 18 (4,0 x 1,7 mm \/ 19 V \/ 1,58 A-2,37 A)<br \/>\nHP, TOSHIBA<\/p>\n<p>NO. 37 (Bl\u00e5) (4,5 x 3,0 mm \/ 19,5 V \/ 2,31A-4,62A)<br \/>\nHP <\/p>\n<p>NO. 37 (Svart) (4,5 x 3,0 mm \/ 19,5 V \/ 2,31 A)<br \/>\nDELL ULTRABOK<\/p>\n<p>NO. 38 (11 x 4,6 mm \/ 20 V \/ 2,25A-4,5A)<br \/>\nLENOVO<\/p>","protected":false},"excerpt":{"rendered":"<p>DELTACO universal laptoplader passer til de fleste b\u00e6rbare datamaskiner og notatb\u00f8ker siden den inkluderer 12 forskjellige DC-tips. Med denne universelle notatbokladeren trenger du aldri \u00e5 bekymre deg for spenningsinnstillinger eller risikoen for overoppheting av batteriet. Sikkerhetsfunksjoner inkludert i denne enheten: temperaturkontroll, overstr\u00f8m-, overspennings-, kortslutnings- og overspenningsbeskyttelse.<\/p>","protected":false},"featured_media":94783655,"comment_status":"closed","ping_status":"open","template":"","meta":[],"product_brand":[35291],"product_cat":[35533],"product_tag":[],"class_list":{"0":"post-94783654","1":"product","2":"type-product","3":"status-publish","4":"has-post-thumbnail","6":"product_brand-deltaco","7":"product_cat-tilbehor-components-accessories","9":"first","10":"onbackorder","11":"purchasable","12":"product-type-simple"},"jetpack_sharing_enabled":true,"_links":{"self":[{"href":"https:\/\/elektronikk.eu\/nb\/wp-json\/wp\/v2\/product\/94783654","targetHints":{"allow":["GET"]}}],"collection":[{"href":"https:\/\/elektronikk.eu\/nb\/wp-json\/wp\/v2\/product"}],"about":[{"href":"https:\/\/elektronikk.eu\/nb\/wp-json\/wp\/v2\/types\/product"}],"replies":[{"embeddable":true,"href":"https:\/\/elektronikk.eu\/nb\/wp-json\/wp\/v2\/comments?post=94783654"}],"wp:featuredmedia":[{"embeddable":true,"href":"https:\/\/elektronikk.eu\/nb\/wp-json\/wp\/v2\/media\/94783655"}],"wp:attachment":[{"href":"https:\/\/elektronikk.eu\/nb\/wp-json\/wp\/v2\/media?parent=94783654"}],"wp:term":[{"taxonomy":"product_brand","embeddable":true,"href":"https:\/\/elektronikk.eu\/nb\/wp-json\/wp\/v2\/product_brand?post=94783654"},{"taxonomy":"product_cat","embeddable":true,"href":"https:\/\/elektronikk.eu\/nb\/wp-json\/wp\/v2\/product_cat?post=94783654"},{"taxonomy":"product_tag","embeddable":true,"href":"https:\/\/elektronikk.eu\/nb\/wp-json\/wp\/v2\/product_tag?post=94783654"}],"curies":[{"name":"wp","href":"https:\/\/api.w.org\/{rel}","templated":true}]}}