{"id":94783590,"date":"2025-12-31T10:03:10","date_gmt":"2025-12-31T09:03:10","guid":{"rendered":"https:\/\/elektronikk.eu\/scrn-20ip67\/"},"modified":"2026-01-14T15:10:52","modified_gmt":"2026-01-14T14:10:52","slug":"skjerm-20ip67","status":"publish","type":"product","link":"https:\/\/elektronikk.eu\/nb\/scrn-20ip67\/","title":{"rendered":"Skjermbeskytter for Apple iPhone 12 Pro Max, 2,5D herdet glass, 9H hardhet"},"content":{"rendered":"<p>Skjermbeskytter Apple iPhone 12 Pro Max 2.5D herdet glass<\/p>","protected":false},"excerpt":{"rendered":"<p>Herdet glass skjermbeskytter for din 2020 Apple iPhone 12 Pro Max. Med denne skjermbeskytteren har du den samme f\u00f8lelsen p\u00e5 skjermen som om du ikke hadde noe beskyttelse i det hele tatt. det er sprekker i skjermen. Skjermbeskytteren er ogs\u00e5 laget for \u00e5 motst\u00e5 fingeravtrykk og riper.<\/p>","protected":false},"featured_media":94778368,"comment_status":"closed","ping_status":"open","template":"","meta":[],"product_brand":[35291],"product_cat":[35536],"product_tag":[21645],"class_list":{"0":"post-94783590","1":"product","2":"type-product","3":"status-publish","4":"has-post-thumbnail","6":"product_brand-deltaco","7":"product_cat-kommunikasjon","8":"product_tag-screen-protection","10":"first","11":"onbackorder","12":"purchasable","13":"product-type-simple"},"jetpack_sharing_enabled":true,"_links":{"self":[{"href":"https:\/\/elektronikk.eu\/nb\/wp-json\/wp\/v2\/product\/94783590","targetHints":{"allow":["GET"]}}],"collection":[{"href":"https:\/\/elektronikk.eu\/nb\/wp-json\/wp\/v2\/product"}],"about":[{"href":"https:\/\/elektronikk.eu\/nb\/wp-json\/wp\/v2\/types\/product"}],"replies":[{"embeddable":true,"href":"https:\/\/elektronikk.eu\/nb\/wp-json\/wp\/v2\/comments?post=94783590"}],"wp:featuredmedia":[{"embeddable":true,"href":"https:\/\/elektronikk.eu\/nb\/wp-json\/wp\/v2\/media\/94778368"}],"wp:attachment":[{"href":"https:\/\/elektronikk.eu\/nb\/wp-json\/wp\/v2\/media?parent=94783590"}],"wp:term":[{"taxonomy":"product_brand","embeddable":true,"href":"https:\/\/elektronikk.eu\/nb\/wp-json\/wp\/v2\/product_brand?post=94783590"},{"taxonomy":"product_cat","embeddable":true,"href":"https:\/\/elektronikk.eu\/nb\/wp-json\/wp\/v2\/product_cat?post=94783590"},{"taxonomy":"product_tag","embeddable":true,"href":"https:\/\/elektronikk.eu\/nb\/wp-json\/wp\/v2\/product_tag?post=94783590"}],"curies":[{"name":"wp","href":"https:\/\/api.w.org\/{rel}","templated":true}]}}