{"id":94782878,"date":"2016-06-10T18:22:46","date_gmt":"2016-06-10T16:22:46","guid":{"rendered":"https:\/\/elektronikk.eu\/gam-042\/"},"modified":"2025-10-09T17:02:47","modified_gmt":"2025-10-09T15:02:47","slug":"spill-042","status":"publish","type":"product","link":"https:\/\/elektronikk.eu\/nb\/gam-042\/","title":{"rendered":"DK120 Membrantastatur, Regnbue bakgrunnsbelysning, Nordisk layout, metallramme, svart"},"content":{"rendered":"<p>Med membranbrytere f\u00e5r du tastaturer med litt lengre levetid enn mekaniske og du slipper den karakteristiske lyden av mekanisk tastatur. Tastaturet har et litt lavere layout enn vanlig p\u00e5 gaming-tastaturer, h\u00f8yden p\u00e5 tastene er ogs\u00e5 lavere enn vanlige taster for \u00e5 f\u00e5 en s\u00e5 lav profil som mulig.<\/p>","protected":false},"excerpt":{"rendered":"<p>Tastatur, RGB-bakgrunnsbelysning, USB, Nordisk layout, metallramme, svart<\/p>","protected":false},"featured_media":94778028,"comment_status":"closed","ping_status":"open","template":"","meta":[],"product_brand":[35342],"product_cat":[],"product_tag":[33227],"class_list":{"0":"post-94782878","1":"product","2":"type-product","3":"status-publish","4":"has-post-thumbnail","6":"product_brand-deltaco_gaming","7":"product_tag-gaming-keyboards","9":"first","10":"onbackorder","11":"purchasable","12":"product-type-simple"},"jetpack_sharing_enabled":true,"_links":{"self":[{"href":"https:\/\/elektronikk.eu\/nb\/wp-json\/wp\/v2\/product\/94782878","targetHints":{"allow":["GET"]}}],"collection":[{"href":"https:\/\/elektronikk.eu\/nb\/wp-json\/wp\/v2\/product"}],"about":[{"href":"https:\/\/elektronikk.eu\/nb\/wp-json\/wp\/v2\/types\/product"}],"replies":[{"embeddable":true,"href":"https:\/\/elektronikk.eu\/nb\/wp-json\/wp\/v2\/comments?post=94782878"}],"wp:featuredmedia":[{"embeddable":true,"href":"https:\/\/elektronikk.eu\/nb\/wp-json\/wp\/v2\/media\/94778028"}],"wp:attachment":[{"href":"https:\/\/elektronikk.eu\/nb\/wp-json\/wp\/v2\/media?parent=94782878"}],"wp:term":[{"taxonomy":"product_brand","embeddable":true,"href":"https:\/\/elektronikk.eu\/nb\/wp-json\/wp\/v2\/product_brand?post=94782878"},{"taxonomy":"product_cat","embeddable":true,"href":"https:\/\/elektronikk.eu\/nb\/wp-json\/wp\/v2\/product_cat?post=94782878"},{"taxonomy":"product_tag","embeddable":true,"href":"https:\/\/elektronikk.eu\/nb\/wp-json\/wp\/v2\/product_tag?post=94782878"}],"curies":[{"name":"wp","href":"https:\/\/api.w.org\/{rel}","templated":true}]}}