{"id":94782515,"date":"2022-04-23T08:02:02","date_gmt":"2022-04-23T06:02:02","guid":{"rendered":"https:\/\/elektronikk.eu\/ck1036\/"},"modified":"2026-04-01T21:06:56","modified_gmt":"2026-04-01T19:06:56","slug":"ck1036","status":"publish","type":"product","link":"https:\/\/elektronikk.eu\/nb\/ck1036\/","title":{"rendered":"H\u00e5nddesinfeksjons v\u00e5tservietter, 100 servietter, 70% alkohol, inneholder glyserin og aloe vera, hvite"},"content":{"rendered":"<p>H\u00e5nddesinfeksjons v\u00e5tservietter 100 stk 70% alkohol glyserin&amp;aloe<\/p>","protected":false},"excerpt":{"rendered":"<p>H\u00e5nddesinfeksjonsservietter brukt p\u00e5 renset hud, p\u00e5f\u00f8r over hele hendene og la luftt\u00f8rke. Serviettene har ogs\u00e5 en mykgj\u00f8rende effekt p\u00e5 huden takket v\u00e6re innhold av glyserin og Aloe vera. H\u00e5nddesinfeksjonsservietter b\u00f8r sees p\u00e5 som et komplement\u00e6rt produkt til rengj\u00f8ring av hender og ikke som en erstatning for s\u00e5pe. Du b\u00f8r alltid bruke s\u00e5pe og vann, uavhengig av om du bruker h\u00e5nddesinfeksjon eller annen desinfiserende rengj\u00f8ring.<\/p>","protected":false},"featured_media":94777797,"comment_status":"closed","ping_status":"open","template":"","meta":[],"product_brand":[35291],"product_cat":[35679,35533],"product_tag":[],"class_list":{"0":"post-94782515","1":"product","2":"type-product","3":"status-publish","4":"has-post-thumbnail","6":"product_brand-deltaco","7":"product_cat-cleaning-accessories","8":"product_cat-tilbehor-components-accessories","10":"first","11":"onbackorder","12":"purchasable","13":"product-type-simple"},"jetpack_sharing_enabled":true,"_links":{"self":[{"href":"https:\/\/elektronikk.eu\/nb\/wp-json\/wp\/v2\/product\/94782515","targetHints":{"allow":["GET"]}}],"collection":[{"href":"https:\/\/elektronikk.eu\/nb\/wp-json\/wp\/v2\/product"}],"about":[{"href":"https:\/\/elektronikk.eu\/nb\/wp-json\/wp\/v2\/types\/product"}],"replies":[{"embeddable":true,"href":"https:\/\/elektronikk.eu\/nb\/wp-json\/wp\/v2\/comments?post=94782515"}],"wp:featuredmedia":[{"embeddable":true,"href":"https:\/\/elektronikk.eu\/nb\/wp-json\/wp\/v2\/media\/94777797"}],"wp:attachment":[{"href":"https:\/\/elektronikk.eu\/nb\/wp-json\/wp\/v2\/media?parent=94782515"}],"wp:term":[{"taxonomy":"product_brand","embeddable":true,"href":"https:\/\/elektronikk.eu\/nb\/wp-json\/wp\/v2\/product_brand?post=94782515"},{"taxonomy":"product_cat","embeddable":true,"href":"https:\/\/elektronikk.eu\/nb\/wp-json\/wp\/v2\/product_cat?post=94782515"},{"taxonomy":"product_tag","embeddable":true,"href":"https:\/\/elektronikk.eu\/nb\/wp-json\/wp\/v2\/product_tag?post=94782515"}],"curies":[{"name":"wp","href":"https:\/\/api.w.org\/{rel}","templated":true}]}}