{"id":94782510,"date":"2019-01-22T08:18:00","date_gmt":"2019-01-22T07:18:00","guid":{"rendered":"https:\/\/elektronikk.eu\/ck1029\/"},"modified":"2026-04-01T21:06:56","modified_gmt":"2026-04-01T19:06:56","slug":"ck1029","status":"publish","type":"product","link":"https:\/\/elektronikk.eu\/nb\/ck1029\/","title":{"rendered":"Whiteboard Rengj\u00f8ringsspray, 250ml, fjerner spor av tusj &amp; andre flekker, hvit"},"content":{"rendered":"<p>Tavlerensspray 250ml hvit<\/p>","protected":false},"excerpt":{"rendered":"<p>Whiteboard-rens som effektivt fjerner spor etter tusj og andre vanskelige flekker, sprayes p\u00e5 en t\u00f8rr klut som deretter brukes til \u00e5 rengj\u00f8re whiteboardet.<\/p>","protected":false},"featured_media":94777792,"comment_status":"closed","ping_status":"open","template":"","meta":[],"product_brand":[35291],"product_cat":[35679,35533],"product_tag":[],"class_list":{"0":"post-94782510","1":"product","2":"type-product","3":"status-publish","4":"has-post-thumbnail","6":"product_brand-deltaco","7":"product_cat-cleaning-accessories","8":"product_cat-tilbehor-components-accessories","10":"first","11":"onbackorder","12":"purchasable","13":"product-type-simple"},"jetpack_sharing_enabled":true,"_links":{"self":[{"href":"https:\/\/elektronikk.eu\/nb\/wp-json\/wp\/v2\/product\/94782510","targetHints":{"allow":["GET"]}}],"collection":[{"href":"https:\/\/elektronikk.eu\/nb\/wp-json\/wp\/v2\/product"}],"about":[{"href":"https:\/\/elektronikk.eu\/nb\/wp-json\/wp\/v2\/types\/product"}],"replies":[{"embeddable":true,"href":"https:\/\/elektronikk.eu\/nb\/wp-json\/wp\/v2\/comments?post=94782510"}],"wp:featuredmedia":[{"embeddable":true,"href":"https:\/\/elektronikk.eu\/nb\/wp-json\/wp\/v2\/media\/94777792"}],"wp:attachment":[{"href":"https:\/\/elektronikk.eu\/nb\/wp-json\/wp\/v2\/media?parent=94782510"}],"wp:term":[{"taxonomy":"product_brand","embeddable":true,"href":"https:\/\/elektronikk.eu\/nb\/wp-json\/wp\/v2\/product_brand?post=94782510"},{"taxonomy":"product_cat","embeddable":true,"href":"https:\/\/elektronikk.eu\/nb\/wp-json\/wp\/v2\/product_cat?post=94782510"},{"taxonomy":"product_tag","embeddable":true,"href":"https:\/\/elektronikk.eu\/nb\/wp-json\/wp\/v2\/product_tag?post=94782510"}],"curies":[{"name":"wp","href":"https:\/\/api.w.org\/{rel}","templated":true}]}}