{"id":94782507,"date":"2025-05-13T16:31:11","date_gmt":"2025-05-13T14:31:11","guid":{"rendered":"https:\/\/elektronikk.eu\/ck1025\/"},"modified":"2026-04-01T21:06:55","modified_gmt":"2026-04-01T19:06:55","slug":"ck1025","status":"publish","type":"product","link":"https:\/\/elektronikk.eu\/nb\/ck1025\/","title":{"rendered":"Rengj\u00f8ringssett: 500 ml v\u00e6ske for skjermer + mikrofiber i farget boks"},"content":{"rendered":"<p>Rengj\u00f8ringssett: 500ml skjermv\u00e6ske + mikrofiberklut fargeboks<\/p>","protected":false},"excerpt":{"rendered":"<p>Skjermrens for alle typer skjermer, 500 ml, inkl. mikrofiberklut Universell LCD \/ LED \/ OLED \/ Plasma Skjermrens. Rengj\u00f8r like godt for TV-en din som for laptopen, smarttelefonen eller nettbrettet.<\/p>\n<p>F\u00f8r rengj\u00f8ring, les og f\u00f8lg instruksjonene for enheten f\u00f8r rengj\u00f8ring. Spray rengj\u00f8ringsv\u00e6sken p\u00e5 den medf\u00f8lgende mikrofiberkluten, rengj\u00f8r skjermen, og bruk deretter en t\u00f8rr klut og t\u00f8rk av for sluttrengj\u00f8ring.<\/p>","protected":false},"featured_media":94777790,"comment_status":"closed","ping_status":"open","template":"","meta":[],"product_brand":[35291],"product_cat":[35679,35533],"product_tag":[],"class_list":{"0":"post-94782507","1":"product","2":"type-product","3":"status-publish","4":"has-post-thumbnail","6":"product_brand-deltaco","7":"product_cat-cleaning-accessories","8":"product_cat-tilbehor-components-accessories","10":"first","11":"onbackorder","12":"purchasable","13":"product-type-simple"},"jetpack_sharing_enabled":true,"_links":{"self":[{"href":"https:\/\/elektronikk.eu\/nb\/wp-json\/wp\/v2\/product\/94782507","targetHints":{"allow":["GET"]}}],"collection":[{"href":"https:\/\/elektronikk.eu\/nb\/wp-json\/wp\/v2\/product"}],"about":[{"href":"https:\/\/elektronikk.eu\/nb\/wp-json\/wp\/v2\/types\/product"}],"replies":[{"embeddable":true,"href":"https:\/\/elektronikk.eu\/nb\/wp-json\/wp\/v2\/comments?post=94782507"}],"wp:featuredmedia":[{"embeddable":true,"href":"https:\/\/elektronikk.eu\/nb\/wp-json\/wp\/v2\/media\/94777790"}],"wp:attachment":[{"href":"https:\/\/elektronikk.eu\/nb\/wp-json\/wp\/v2\/media?parent=94782507"}],"wp:term":[{"taxonomy":"product_brand","embeddable":true,"href":"https:\/\/elektronikk.eu\/nb\/wp-json\/wp\/v2\/product_brand?post=94782507"},{"taxonomy":"product_cat","embeddable":true,"href":"https:\/\/elektronikk.eu\/nb\/wp-json\/wp\/v2\/product_cat?post=94782507"},{"taxonomy":"product_tag","embeddable":true,"href":"https:\/\/elektronikk.eu\/nb\/wp-json\/wp\/v2\/product_tag?post=94782507"}],"curies":[{"name":"wp","href":"https:\/\/api.w.org\/{rel}","templated":true}]}}