{"id":94782473,"date":"2017-06-07T10:16:18","date_gmt":"2017-06-07T08:16:18","guid":{"rendered":"https:\/\/elektronikk.eu\/arm-b100\/"},"modified":"2026-04-01T21:06:48","modified_gmt":"2026-04-01T19:06:48","slug":"arm-b100","status":"publish","type":"product","link":"https:\/\/elektronikk.eu\/nb\/arm-b100\/","title":{"rendered":"Smarttelefonholder for sykler, roterbar, svart"},"content":{"rendered":"<p>Pakkeinnhold: Telefonholder, styrefeste med skrue og isolert metallmutter<\/p>","protected":false},"excerpt":{"rendered":"<p>DELTACO smarttelefonholder for sykkel festes enkelt til styret p\u00e5 sykkelen din og holder enheten din hendig og sikkert p\u00e5 plass, ideell for navigasjon eller for \u00e5 m\u00e5le ytelsen din under sykkelturer.<\/p>\n<p>Den roterbare holderen er utstyrt med silikonvinger som vikler seg rundt hvert hj\u00f8rne av enheten din for \u00f8kt stabilitet og reduserte vibrasjoner.<\/p>","protected":false},"featured_media":94777758,"comment_status":"closed","ping_status":"open","template":"","meta":[],"product_brand":[35291],"product_cat":[35536],"product_tag":[33265],"class_list":{"0":"post-94782473","1":"product","2":"type-product","3":"status-publish","4":"has-post-thumbnail","6":"product_brand-deltaco","7":"product_cat-kommunikasjon","8":"product_tag-bicycle-mount","10":"first","11":"onbackorder","12":"purchasable","13":"product-type-simple"},"jetpack_sharing_enabled":true,"_links":{"self":[{"href":"https:\/\/elektronikk.eu\/nb\/wp-json\/wp\/v2\/product\/94782473","targetHints":{"allow":["GET"]}}],"collection":[{"href":"https:\/\/elektronikk.eu\/nb\/wp-json\/wp\/v2\/product"}],"about":[{"href":"https:\/\/elektronikk.eu\/nb\/wp-json\/wp\/v2\/types\/product"}],"replies":[{"embeddable":true,"href":"https:\/\/elektronikk.eu\/nb\/wp-json\/wp\/v2\/comments?post=94782473"}],"wp:featuredmedia":[{"embeddable":true,"href":"https:\/\/elektronikk.eu\/nb\/wp-json\/wp\/v2\/media\/94777758"}],"wp:attachment":[{"href":"https:\/\/elektronikk.eu\/nb\/wp-json\/wp\/v2\/media?parent=94782473"}],"wp:term":[{"taxonomy":"product_brand","embeddable":true,"href":"https:\/\/elektronikk.eu\/nb\/wp-json\/wp\/v2\/product_brand?post=94782473"},{"taxonomy":"product_cat","embeddable":true,"href":"https:\/\/elektronikk.eu\/nb\/wp-json\/wp\/v2\/product_cat?post=94782473"},{"taxonomy":"product_tag","embeddable":true,"href":"https:\/\/elektronikk.eu\/nb\/wp-json\/wp\/v2\/product_tag?post=94782473"}],"curies":[{"name":"wp","href":"https:\/\/api.w.org\/{rel}","templated":true}]}}