{"id":94781565,"date":"2023-04-02T06:05:20","date_gmt":"2023-04-02T04:05:20","guid":{"rendered":"https:\/\/elektronikk.eu\/3052210\/"},"modified":"2025-10-09T14:46:50","modified_gmt":"2025-10-09T12:46:50","slug":"3052210","status":"publish","type":"product","link":"https:\/\/elektronikk.eu\/nb\/3052210\/","title":{"rendered":"Motorola Moto G04 PU wallet, 3 cards, black"},"content":{"rendered":"<p>Motorola Moto G04 PU wallet, 3 cards, black<\/p>","protected":false},"excerpt":{"rendered":"<p>PU-lommeboken er designet for \u00e5 utfylle enheten din og gi den et klassisk utseende. De tre kortrommene gj\u00f8r at du alltid har de viktigste kredittkortene dine for h\u00e5nden - perfekt for deg som \u00f8nsker \u00e5 reise lett og la vesken eller lommeboken bli hjemme.<\/p>","protected":false},"featured_media":94781566,"comment_status":"closed","ping_status":"open","template":"","meta":[],"product_brand":[35294],"product_cat":[],"product_tag":[24641],"class_list":{"0":"post-94781565","1":"product","2":"type-product","3":"status-publish","4":"has-post-thumbnail","6":"product_brand-essentials","7":"product_tag-wallet","9":"first","10":"onbackorder","11":"purchasable","12":"product-type-simple"},"jetpack_sharing_enabled":true,"_links":{"self":[{"href":"https:\/\/elektronikk.eu\/nb\/wp-json\/wp\/v2\/product\/94781565","targetHints":{"allow":["GET"]}}],"collection":[{"href":"https:\/\/elektronikk.eu\/nb\/wp-json\/wp\/v2\/product"}],"about":[{"href":"https:\/\/elektronikk.eu\/nb\/wp-json\/wp\/v2\/types\/product"}],"replies":[{"embeddable":true,"href":"https:\/\/elektronikk.eu\/nb\/wp-json\/wp\/v2\/comments?post=94781565"}],"wp:featuredmedia":[{"embeddable":true,"href":"https:\/\/elektronikk.eu\/nb\/wp-json\/wp\/v2\/media\/94781566"}],"wp:attachment":[{"href":"https:\/\/elektronikk.eu\/nb\/wp-json\/wp\/v2\/media?parent=94781565"}],"wp:term":[{"taxonomy":"product_brand","embeddable":true,"href":"https:\/\/elektronikk.eu\/nb\/wp-json\/wp\/v2\/product_brand?post=94781565"},{"taxonomy":"product_cat","embeddable":true,"href":"https:\/\/elektronikk.eu\/nb\/wp-json\/wp\/v2\/product_cat?post=94781565"},{"taxonomy":"product_tag","embeddable":true,"href":"https:\/\/elektronikk.eu\/nb\/wp-json\/wp\/v2\/product_tag?post=94781565"}],"curies":[{"name":"wp","href":"https:\/\/api.w.org\/{rel}","templated":true}]}}