{"id":94781506,"date":"2025-12-31T10:15:51","date_gmt":"2025-12-31T09:15:51","guid":{"rendered":"https:\/\/elektronikk.eu\/2830752\/"},"modified":"2026-04-01T21:04:52","modified_gmt":"2026-04-01T19:04:52","slug":"2830752","status":"publish","type":"product","link":"https:\/\/elektronikk.eu\/nb\/2830752\/","title":{"rendered":"Samsung Galaxy S23+ lommebok, avtakbar, svart"},"content":{"rendered":"<p>Alltid p\u00e5 farten? Vi forst\u00e5r. Puro har skapt Detachable Case slik at du kan organisere eiendelene dine ryddig uansett hvor du er. Enten du er til fots, i bil eller p\u00e5 fly, vil du kunne b\u00e6re kontanter, kort og enheten din beleilig p\u00e5 ett sted. Detachable Case er designet for \u00e5 kombinere to funksjoner i ett lommebokdeksel med en slank profil. Perfekt for de som \u00f8nsker \u00e5 beskytte smarttelefonen sin fra kant til kant, men ogs\u00e5 skjerme eiendelene sine mot elementene og eventuelle ru overflater. Dette dekselet er praktisk, beskyttende, holdbart og multifunksjonelt. Detachable Case er laget med et lommebokdeksel med en bokflapp pluss et hardt bakdeksel utstyrt med et magnetisk system som lar deg fjerne det og bruke det fritt n\u00e5r lommeboken ikke er n\u00f8dvendig. Bokflappen er designet med slitesterkt h\u00f8ymateriale og uts\u00f8kt h\u00e5ndverk, 3 kortspor og 1 pengelomme. Presis passform gir fri tilgang til kontrollene. Tilgjengelig i svart, elegant og allsidig versjon.<\/p>","protected":false},"excerpt":{"rendered":"<p>Alltid p\u00e5 farten? Vi skj\u00f8nner det. Puro har laget Detachable Case slik at du kan organisere dine essensielle eiendeler pent, uansett hvor du er. Enten du er til fots, i bil eller p\u00e5 fly, vil du kunne b\u00e6re kontanter, kort og enhet beleilig p\u00e5 ett sted.<\/p>","protected":false},"featured_media":94777175,"comment_status":"closed","ping_status":"open","template":"","meta":[],"product_brand":[35302],"product_cat":[35536,35660],"product_tag":[21567],"class_list":{"0":"post-94781506","1":"product","2":"type-product","3":"status-publish","4":"has-post-thumbnail","6":"product_brand-puro","7":"product_cat-kommunikasjon","8":"product_cat-telefon-deksel-kommunikasjon-mobil-telefon-2","9":"product_tag-wallet-with-detach-cover","11":"first","12":"onbackorder","13":"purchasable","14":"product-type-simple"},"jetpack_sharing_enabled":true,"_links":{"self":[{"href":"https:\/\/elektronikk.eu\/nb\/wp-json\/wp\/v2\/product\/94781506","targetHints":{"allow":["GET"]}}],"collection":[{"href":"https:\/\/elektronikk.eu\/nb\/wp-json\/wp\/v2\/product"}],"about":[{"href":"https:\/\/elektronikk.eu\/nb\/wp-json\/wp\/v2\/types\/product"}],"replies":[{"embeddable":true,"href":"https:\/\/elektronikk.eu\/nb\/wp-json\/wp\/v2\/comments?post=94781506"}],"wp:featuredmedia":[{"embeddable":true,"href":"https:\/\/elektronikk.eu\/nb\/wp-json\/wp\/v2\/media\/94777175"}],"wp:attachment":[{"href":"https:\/\/elektronikk.eu\/nb\/wp-json\/wp\/v2\/media?parent=94781506"}],"wp:term":[{"taxonomy":"product_brand","embeddable":true,"href":"https:\/\/elektronikk.eu\/nb\/wp-json\/wp\/v2\/product_brand?post=94781506"},{"taxonomy":"product_cat","embeddable":true,"href":"https:\/\/elektronikk.eu\/nb\/wp-json\/wp\/v2\/product_cat?post=94781506"},{"taxonomy":"product_tag","embeddable":true,"href":"https:\/\/elektronikk.eu\/nb\/wp-json\/wp\/v2\/product_tag?post=94781506"}],"curies":[{"name":"wp","href":"https:\/\/api.w.org\/{rel}","templated":true}]}}