{"id":94781497,"date":"2025-12-31T10:15:51","date_gmt":"2025-12-31T09:15:51","guid":{"rendered":"https:\/\/elektronikk.eu\/2830700\/"},"modified":"2026-04-01T21:04:51","modified_gmt":"2026-04-01T19:04:51","slug":"2830700","status":"publish","type":"product","link":"https:\/\/elektronikk.eu\/nb\/2830700\/","title":{"rendered":"Google Pixel 7 Pro 0.3 Nude, gjennomsiktig"},"content":{"rendered":"<p>0.3 Nude Cover er ultratynn og ultra-fleksibel, perfekt for de som ikke \u00f8nsker \u00e5 endre designet p\u00e5 enheten. Laget i perfekt gjennomsiktige farger og prydet av den ultralette vekten, er 0.3 Nude Cover den ideelle blandingen mellom eleganse og beskyttelse. 0.3 Nude Cover gir fri tilgang til alle kommandoer, og sikrer rask og enkel bruk.<\/p>","protected":false},"excerpt":{"rendered":"<p>0.3 Nude Cover er ultratynn og ultra-fleksibel, perfekt for de som ikke \u00f8nsker \u00e5 endre enhetens design.<\/p>","protected":false},"featured_media":94777167,"comment_status":"closed","ping_status":"open","template":"","meta":[],"product_brand":[35302],"product_cat":[35536,35660],"product_tag":[33067],"class_list":{"0":"post-94781497","1":"product","2":"type-product","3":"status-publish","4":"has-post-thumbnail","6":"product_brand-puro","7":"product_cat-kommunikasjon","8":"product_cat-telefon-deksel-kommunikasjon-mobil-telefon-2","9":"product_tag-back-cover","11":"first","12":"onbackorder","13":"purchasable","14":"product-type-simple"},"jetpack_sharing_enabled":true,"_links":{"self":[{"href":"https:\/\/elektronikk.eu\/nb\/wp-json\/wp\/v2\/product\/94781497","targetHints":{"allow":["GET"]}}],"collection":[{"href":"https:\/\/elektronikk.eu\/nb\/wp-json\/wp\/v2\/product"}],"about":[{"href":"https:\/\/elektronikk.eu\/nb\/wp-json\/wp\/v2\/types\/product"}],"replies":[{"embeddable":true,"href":"https:\/\/elektronikk.eu\/nb\/wp-json\/wp\/v2\/comments?post=94781497"}],"wp:featuredmedia":[{"embeddable":true,"href":"https:\/\/elektronikk.eu\/nb\/wp-json\/wp\/v2\/media\/94777167"}],"wp:attachment":[{"href":"https:\/\/elektronikk.eu\/nb\/wp-json\/wp\/v2\/media?parent=94781497"}],"wp:term":[{"taxonomy":"product_brand","embeddable":true,"href":"https:\/\/elektronikk.eu\/nb\/wp-json\/wp\/v2\/product_brand?post=94781497"},{"taxonomy":"product_cat","embeddable":true,"href":"https:\/\/elektronikk.eu\/nb\/wp-json\/wp\/v2\/product_cat?post=94781497"},{"taxonomy":"product_tag","embeddable":true,"href":"https:\/\/elektronikk.eu\/nb\/wp-json\/wp\/v2\/product_tag?post=94781497"}],"curies":[{"name":"wp","href":"https:\/\/api.w.org\/{rel}","templated":true}]}}