{"id":94781483,"date":"2025-12-31T10:15:51","date_gmt":"2025-12-31T09:15:51","guid":{"rendered":"https:\/\/elektronikk.eu\/2830656\/"},"modified":"2026-04-01T21:04:47","modified_gmt":"2026-04-01T19:04:47","slug":"2830656","status":"publish","type":"product","link":"https:\/\/elektronikk.eu\/nb\/2830656\/","title":{"rendered":"iPhone 14 Pro Icon Cover, Rose"},"content":{"rendered":"<p>Icon Case fra Puro bringer italiensk mote og design inn i high-tech-verdenen. Dette dekselet er designet for \u00e5 beskytte din iPhone, samtidig som det reflekterer de siste motetrendene. Silikondekselets form passer perfekt over volumknapper, sideknapp og enhetenes kurver, uten \u00e5 legge til ekstra volum. Det har en skjermramme og kamerabeskyttelse, din iPhone vil v\u00e6re dekket. Et mykt mikrofiberf\u00f4r p\u00e5 innsiden, med en lav-relieff gravering, bidrar til \u00e5 beskytte din iPhone og holde den kj\u00f8lig. P\u00e5 utsiden gir den silkemyke, myk-touch-finishen p\u00e5 silikonoverflaten en god f\u00f8lelse i h\u00e5nden. Takket v\u00e6re dette elegante og dyrebare materialet er grepet garantert. Du kan ha Icon Cover p\u00e5 hele tiden, selv n\u00e5r du lader tr\u00e5dl\u00f8st. Tilgjengelig i mange forskjellige farger.<\/p>","protected":false},"excerpt":{"rendered":"<p>Icon Case fra Puro bringer italiensk mote og design inn i en verden av h\u00f8yteknologi. Dette etuiet er designet for \u00e5 beskytte iPhone samtidig som det gjenspeiler de nyeste motetrendene.<\/p>","protected":false},"featured_media":94777154,"comment_status":"closed","ping_status":"open","template":"","meta":[],"product_brand":[35302],"product_cat":[35536,35660],"product_tag":[33067],"class_list":{"0":"post-94781483","1":"product","2":"type-product","3":"status-publish","4":"has-post-thumbnail","6":"product_brand-puro","7":"product_cat-kommunikasjon","8":"product_cat-telefon-deksel-kommunikasjon-mobil-telefon-2","9":"product_tag-back-cover","11":"first","12":"onbackorder","13":"purchasable","14":"product-type-simple"},"jetpack_sharing_enabled":true,"_links":{"self":[{"href":"https:\/\/elektronikk.eu\/nb\/wp-json\/wp\/v2\/product\/94781483","targetHints":{"allow":["GET"]}}],"collection":[{"href":"https:\/\/elektronikk.eu\/nb\/wp-json\/wp\/v2\/product"}],"about":[{"href":"https:\/\/elektronikk.eu\/nb\/wp-json\/wp\/v2\/types\/product"}],"replies":[{"embeddable":true,"href":"https:\/\/elektronikk.eu\/nb\/wp-json\/wp\/v2\/comments?post=94781483"}],"wp:featuredmedia":[{"embeddable":true,"href":"https:\/\/elektronikk.eu\/nb\/wp-json\/wp\/v2\/media\/94777154"}],"wp:attachment":[{"href":"https:\/\/elektronikk.eu\/nb\/wp-json\/wp\/v2\/media?parent=94781483"}],"wp:term":[{"taxonomy":"product_brand","embeddable":true,"href":"https:\/\/elektronikk.eu\/nb\/wp-json\/wp\/v2\/product_brand?post=94781483"},{"taxonomy":"product_cat","embeddable":true,"href":"https:\/\/elektronikk.eu\/nb\/wp-json\/wp\/v2\/product_cat?post=94781483"},{"taxonomy":"product_tag","embeddable":true,"href":"https:\/\/elektronikk.eu\/nb\/wp-json\/wp\/v2\/product_tag?post=94781483"}],"curies":[{"name":"wp","href":"https:\/\/api.w.org\/{rel}","templated":true}]}}