{"id":94781471,"date":"2024-11-01T13:08:20","date_gmt":"2024-11-01T12:08:20","guid":{"rendered":"https:\/\/elektronikk.eu\/2830646\/"},"modified":"2025-10-09T14:30:03","modified_gmt":"2025-10-09T12:30:03","slug":"2830646","status":"publish","type":"product","link":"https:\/\/elektronikk.eu\/nb\/2830646\/","title":{"rendered":"iPhone 14 Plus lommebok i \u00f8ko-l\u00e6r, svart"},"content":{"rendered":"<p>Alltid p\u00e5 farten? Vi forst\u00e5r. Puro skapte Detachable Case slik at du kan organisere det viktigste p\u00e5 en ryddig m\u00e5te uansett hvor du er. Enten du er til fots, i bil eller p\u00e5 fly, vil du kunne oppbevare kontanter, kort og enhet praktisk p\u00e5 ett sted. Detachable-dekselet er designet for \u00e5 kombinere to funksjoner i 1 lommebokdeksel med en slank profil. Perfekt for de som \u00f8nsker \u00e5 beskytte smarttelefonen sin fra kant til kant, men ogs\u00e5 skjerme eiendelene sine mot elementene og grove overflater. Dette dekselet er praktisk, beskyttende, holdbart og multifunksjonelt. Detachable Case er laget med et lommebokdeksel med en bokomslag pluss et hardt bakdeksel utstyrt med et magnetsystem som lar deg fjerne det og bruke det fritt n\u00e5r lommeboken ikke er n\u00f8dvendig. Bokomslaget er designet med slitesterkt, h\u00f8ykvalitets materiale og uts\u00f8kt h\u00e5ndverk, 3 kortspor og 1 seddel-lomme. Presis passform gir fri tilgang til kontroller.<\/p>","protected":false},"excerpt":{"rendered":"<p>Lommebok med integrert avtakbart deksel til enheten din. Frontklaffen har 3 innerlommer for kort og 1 lomme for penger. Dette dekselet i \u00f8ko-l\u00e6r garanterer total beskyttelse og fri tilgang til alle kontroller.<\/p>","protected":false},"featured_media":94777147,"comment_status":"closed","ping_status":"open","template":"","meta":[],"product_brand":[35302],"product_cat":[],"product_tag":[21567],"class_list":{"0":"post-94781471","1":"product","2":"type-product","3":"status-publish","4":"has-post-thumbnail","6":"product_brand-puro","7":"product_tag-wallet-with-detach-cover","9":"first","10":"onbackorder","11":"purchasable","12":"product-type-simple"},"jetpack_sharing_enabled":true,"_links":{"self":[{"href":"https:\/\/elektronikk.eu\/nb\/wp-json\/wp\/v2\/product\/94781471","targetHints":{"allow":["GET"]}}],"collection":[{"href":"https:\/\/elektronikk.eu\/nb\/wp-json\/wp\/v2\/product"}],"about":[{"href":"https:\/\/elektronikk.eu\/nb\/wp-json\/wp\/v2\/types\/product"}],"replies":[{"embeddable":true,"href":"https:\/\/elektronikk.eu\/nb\/wp-json\/wp\/v2\/comments?post=94781471"}],"wp:featuredmedia":[{"embeddable":true,"href":"https:\/\/elektronikk.eu\/nb\/wp-json\/wp\/v2\/media\/94777147"}],"wp:attachment":[{"href":"https:\/\/elektronikk.eu\/nb\/wp-json\/wp\/v2\/media?parent=94781471"}],"wp:term":[{"taxonomy":"product_brand","embeddable":true,"href":"https:\/\/elektronikk.eu\/nb\/wp-json\/wp\/v2\/product_brand?post=94781471"},{"taxonomy":"product_cat","embeddable":true,"href":"https:\/\/elektronikk.eu\/nb\/wp-json\/wp\/v2\/product_cat?post=94781471"},{"taxonomy":"product_tag","embeddable":true,"href":"https:\/\/elektronikk.eu\/nb\/wp-json\/wp\/v2\/product_tag?post=94781471"}],"curies":[{"name":"wp","href":"https:\/\/api.w.org\/{rel}","templated":true}]}}