{"id":94781449,"date":"2025-12-31T10:12:47","date_gmt":"2025-12-31T09:12:47","guid":{"rendered":"https:\/\/elektronikk.eu\/2830449\/"},"modified":"2026-04-01T21:04:43","modified_gmt":"2026-04-01T19:04:43","slug":"2830449","status":"publish","type":"product","link":"https:\/\/elektronikk.eu\/nb\/2830449\/","title":{"rendered":"Motorola Moto G200 5G 0,3 Naken, Gjennomsiktig"},"content":{"rendered":"<p>0.3 Dekselet er laget av ekstremt slank og ekstremt lett silikon og garanterer beskyttelse mot st\u00f8t og riper med fri tilgang til alle funksjoner. Dekorert med Puro-logoen trykt p\u00e5 siden og utstyrt med \u00e5pning for kamera og LED-blits.<\/p>","protected":false},"excerpt":{"rendered":"<p>0.3 Nude deksel er det perfekte tilbeh\u00f8ret for \u00e5 beskytte din nye Samsung Galaxy S8 uten \u00e5 endre designen til enheten<\/p>","protected":false},"featured_media":94777123,"comment_status":"closed","ping_status":"open","template":"","meta":[],"product_brand":[35302],"product_cat":[35536,35660],"product_tag":[33067,21612],"class_list":{"0":"post-94781449","1":"product","2":"type-product","3":"status-publish","4":"has-post-thumbnail","6":"product_brand-puro","7":"product_cat-kommunikasjon","8":"product_cat-telefon-deksel-kommunikasjon-mobil-telefon-2","9":"product_tag-back-cover","10":"product_tag-pc-polycarbonate-tpu-thermoplastic-polyurethane","12":"first","13":"onbackorder","14":"purchasable","15":"product-type-simple"},"jetpack_sharing_enabled":true,"_links":{"self":[{"href":"https:\/\/elektronikk.eu\/nb\/wp-json\/wp\/v2\/product\/94781449","targetHints":{"allow":["GET"]}}],"collection":[{"href":"https:\/\/elektronikk.eu\/nb\/wp-json\/wp\/v2\/product"}],"about":[{"href":"https:\/\/elektronikk.eu\/nb\/wp-json\/wp\/v2\/types\/product"}],"replies":[{"embeddable":true,"href":"https:\/\/elektronikk.eu\/nb\/wp-json\/wp\/v2\/comments?post=94781449"}],"wp:featuredmedia":[{"embeddable":true,"href":"https:\/\/elektronikk.eu\/nb\/wp-json\/wp\/v2\/media\/94777123"}],"wp:attachment":[{"href":"https:\/\/elektronikk.eu\/nb\/wp-json\/wp\/v2\/media?parent=94781449"}],"wp:term":[{"taxonomy":"product_brand","embeddable":true,"href":"https:\/\/elektronikk.eu\/nb\/wp-json\/wp\/v2\/product_brand?post=94781449"},{"taxonomy":"product_cat","embeddable":true,"href":"https:\/\/elektronikk.eu\/nb\/wp-json\/wp\/v2\/product_cat?post=94781449"},{"taxonomy":"product_tag","embeddable":true,"href":"https:\/\/elektronikk.eu\/nb\/wp-json\/wp\/v2\/product_tag?post=94781449"}],"curies":[{"name":"wp","href":"https:\/\/api.w.org\/{rel}","templated":true}]}}