{"id":94781347,"date":"2025-12-31T10:12:47","date_gmt":"2025-12-31T09:12:47","guid":{"rendered":"https:\/\/elektronikk.eu\/2570132\/"},"modified":"2026-04-01T21:04:32","modified_gmt":"2026-04-01T19:04:32","slug":"2570132","status":"publish","type":"product","link":"https:\/\/elektronikk.eu\/nb\/2570132\/","title":{"rendered":"Samsung Galaxy A03\/A03s Full-fit Glass Svart"},"content":{"rendered":"<p>PANZER\u00ae Premium Full-Fit Glass p\u00e5 uusi, innovatiivinen ja tyylik\u00e4s n\u00e4yt\u00f6nsuoja aidosta lasista. Sile\u00e4pintaiset py\u00f6ristetyt reunukset suojaavat puhelimen n\u00e4ytt\u00f6\u00e4 reunalta toiselle. Valmistettu silikaattilasista, joka on vahvinta saatavissa olevaa lasia ja 80 % vahvempaa ja iskuja kest\u00e4v\u00e4mp\u00e4\u00e4 kuin tavallinen PANZER\u00ae Premium Tempered Glass. Glasset er 0,33 mm tykt og har en liten overflate som gj\u00f8r det enkelt \u00e5 bruke. N\u00e4yt\u00f6nsuoja tuntuu pehme\u00e4mm\u00e4lt\u00e4 kuin puhelimen n\u00e4ytt\u00f6 ja suojaa sormenj\u00e4lkien syntymiselt\u00e4. PANZER\u00ae Premium Full-Fit Glass -n\u00e4yt\u00f6nsuojan Anti-Shatter-kalvo pit\u00e4\u00e4 sirpaleet kasassa, jos n\u00e4yt\u00f6nsuoja rikkoutuu. Eritt\u00e4in helppo asennus - ilman liimaa tai nesteit\u00e4.<\/p>","protected":false},"excerpt":{"rendered":"<p>PANZER\u00ae Premium Full-Fit Glass p\u00e5 uusi, innovatiivinen ja tyylik\u00e4s n\u00e4yt\u00f6nsuoja aidosta lasista. Sile\u00e4pintaiset py\u00f6ristetyt reunukset suojaavat puhelimen n\u00e4ytt\u00f6\u00e4 reunalta toiselle. Valmistettu silikaattilasista - vahvinta saatavissa olevaa lasia PANZER\u00ae Premium Full-Fit Glass -n\u00e4yt\u00f6nsuoja on vain 0,33 mm paksu. Anti-knusing-kalvo pit\u00e4\u00e4 sirpaleet kasassa, jos n\u00e4yt\u00f6nsuoja rikkoutuu.<\/p>","protected":false},"featured_media":94776928,"comment_status":"closed","ping_status":"open","template":"","meta":[],"product_brand":[35320],"product_cat":[35536],"product_tag":[21645],"class_list":{"0":"post-94781347","1":"product","2":"type-product","3":"status-publish","4":"has-post-thumbnail","6":"product_brand-panzer","7":"product_cat-kommunikasjon","8":"product_tag-screen-protection","10":"first","11":"onbackorder","12":"purchasable","13":"product-type-simple"},"jetpack_sharing_enabled":true,"_links":{"self":[{"href":"https:\/\/elektronikk.eu\/nb\/wp-json\/wp\/v2\/product\/94781347","targetHints":{"allow":["GET"]}}],"collection":[{"href":"https:\/\/elektronikk.eu\/nb\/wp-json\/wp\/v2\/product"}],"about":[{"href":"https:\/\/elektronikk.eu\/nb\/wp-json\/wp\/v2\/types\/product"}],"replies":[{"embeddable":true,"href":"https:\/\/elektronikk.eu\/nb\/wp-json\/wp\/v2\/comments?post=94781347"}],"wp:featuredmedia":[{"embeddable":true,"href":"https:\/\/elektronikk.eu\/nb\/wp-json\/wp\/v2\/media\/94776928"}],"wp:attachment":[{"href":"https:\/\/elektronikk.eu\/nb\/wp-json\/wp\/v2\/media?parent=94781347"}],"wp:term":[{"taxonomy":"product_brand","embeddable":true,"href":"https:\/\/elektronikk.eu\/nb\/wp-json\/wp\/v2\/product_brand?post=94781347"},{"taxonomy":"product_cat","embeddable":true,"href":"https:\/\/elektronikk.eu\/nb\/wp-json\/wp\/v2\/product_cat?post=94781347"},{"taxonomy":"product_tag","embeddable":true,"href":"https:\/\/elektronikk.eu\/nb\/wp-json\/wp\/v2\/product_tag?post=94781347"}],"curies":[{"name":"wp","href":"https:\/\/api.w.org\/{rel}","templated":true}]}}