{"id":94781122,"date":"2025-12-31T10:11:21","date_gmt":"2025-12-31T09:11:21","guid":{"rendered":"https:\/\/elektronikk.eu\/20-005\/"},"modified":"2026-04-01T21:03:57","modified_gmt":"2026-04-01T19:03:57","slug":"20-005","status":"publish","type":"product","link":"https:\/\/elektronikk.eu\/nb\/20-005\/","title":{"rendered":"Plastskilt, TV \/ videooverv\u00e5king, A4 &amp; A5 st\u00f8rrelse"},"content":{"rendered":"<p>Plastskilt, TV \/ videooverv\u00e5king, A4 &amp; A5 st\u00f8rrelse<\/p>","protected":false},"excerpt":{"rendered":"<p>Ved oppsett av overv\u00e5kningskameraer m\u00e5 du lovp\u00e5lagt informere om dette. Dette skiltet er et standard skilt med tydelig tekst og bilde. Pakken inneholder et skilt i A4-format og et skilt i A5-format.<\/p>","protected":false},"featured_media":94776743,"comment_status":"closed","ping_status":"open","template":"","meta":[],"product_brand":[35291],"product_cat":[35529],"product_tag":[],"class_list":{"0":"post-94781122","1":"product","2":"type-product","3":"status-publish","4":"has-post-thumbnail","6":"product_brand-deltaco","7":"product_cat-lyd-og-bilde","9":"first","10":"onbackorder","11":"purchasable","12":"product-type-simple"},"jetpack_sharing_enabled":true,"_links":{"self":[{"href":"https:\/\/elektronikk.eu\/nb\/wp-json\/wp\/v2\/product\/94781122","targetHints":{"allow":["GET"]}}],"collection":[{"href":"https:\/\/elektronikk.eu\/nb\/wp-json\/wp\/v2\/product"}],"about":[{"href":"https:\/\/elektronikk.eu\/nb\/wp-json\/wp\/v2\/types\/product"}],"replies":[{"embeddable":true,"href":"https:\/\/elektronikk.eu\/nb\/wp-json\/wp\/v2\/comments?post=94781122"}],"wp:featuredmedia":[{"embeddable":true,"href":"https:\/\/elektronikk.eu\/nb\/wp-json\/wp\/v2\/media\/94776743"}],"wp:attachment":[{"href":"https:\/\/elektronikk.eu\/nb\/wp-json\/wp\/v2\/media?parent=94781122"}],"wp:term":[{"taxonomy":"product_brand","embeddable":true,"href":"https:\/\/elektronikk.eu\/nb\/wp-json\/wp\/v2\/product_brand?post=94781122"},{"taxonomy":"product_cat","embeddable":true,"href":"https:\/\/elektronikk.eu\/nb\/wp-json\/wp\/v2\/product_cat?post=94781122"},{"taxonomy":"product_tag","embeddable":true,"href":"https:\/\/elektronikk.eu\/nb\/wp-json\/wp\/v2\/product_tag?post=94781122"}],"curies":[{"name":"wp","href":"https:\/\/api.w.org\/{rel}","templated":true}]}}