{"id":94780744,"date":"2025-12-31T10:11:21","date_gmt":"2025-12-31T09:11:21","guid":{"rendered":"https:\/\/elektronikk.eu\/1111017\/"},"modified":"2026-04-01T21:03:22","modified_gmt":"2026-04-01T19:03:22","slug":"1111017","status":"publish","type":"product","link":"https:\/\/elektronikk.eu\/nb\/1111017\/","title":{"rendered":"Samsung Galaxy A54 5G PU lommebok, avtakbar, svart"},"content":{"rendered":"<p>Den avtakbare PU-lommeboken er designet for \u00e5 utfylle enheten din og gi den et klassisk utseende. Lommeboken har et avtakbart deksel, noe som betyr at du kan ta enheten ut av lommeboken samtidig som du beholder den inne i det beskyttende dekselet. De tre kortrommene gj\u00f8r at du alltid har de viktigste kredittkortene dine for h\u00e5nden - perfekt for deg som \u00f8nsker \u00e5 reise lett og la vesken eller lommeboken ligge hjemme. Som alltid er Essentials-kolleksjonen utviklet med stil, kvalitet og beskyttelse i tankene.<\/p>","protected":false},"excerpt":{"rendered":"<p>Den avtakbare PU-lommeboken er designet for \u00e5 utfylle enheten din og gi den et klassisk utseende. Lommeboken har et avtakbart deksel, noe som betyr at du kan ta enheten ut av lommeboken samtidig som du oppbevarer den i det beskyttende dekselet.<\/p>","protected":false},"featured_media":94778805,"comment_status":"closed","ping_status":"open","template":"","meta":[],"product_brand":[35294],"product_cat":[35536,35660],"product_tag":[],"class_list":{"0":"post-94780744","1":"product","2":"type-product","3":"status-publish","4":"has-post-thumbnail","6":"product_brand-essentials","7":"product_cat-kommunikasjon","8":"product_cat-telefon-deksel-kommunikasjon-mobil-telefon-2","10":"first","11":"onbackorder","12":"purchasable","13":"product-type-simple"},"jetpack_sharing_enabled":true,"_links":{"self":[{"href":"https:\/\/elektronikk.eu\/nb\/wp-json\/wp\/v2\/product\/94780744","targetHints":{"allow":["GET"]}}],"collection":[{"href":"https:\/\/elektronikk.eu\/nb\/wp-json\/wp\/v2\/product"}],"about":[{"href":"https:\/\/elektronikk.eu\/nb\/wp-json\/wp\/v2\/types\/product"}],"replies":[{"embeddable":true,"href":"https:\/\/elektronikk.eu\/nb\/wp-json\/wp\/v2\/comments?post=94780744"}],"wp:featuredmedia":[{"embeddable":true,"href":"https:\/\/elektronikk.eu\/nb\/wp-json\/wp\/v2\/media\/94778805"}],"wp:attachment":[{"href":"https:\/\/elektronikk.eu\/nb\/wp-json\/wp\/v2\/media?parent=94780744"}],"wp:term":[{"taxonomy":"product_brand","embeddable":true,"href":"https:\/\/elektronikk.eu\/nb\/wp-json\/wp\/v2\/product_brand?post=94780744"},{"taxonomy":"product_cat","embeddable":true,"href":"https:\/\/elektronikk.eu\/nb\/wp-json\/wp\/v2\/product_cat?post=94780744"},{"taxonomy":"product_tag","embeddable":true,"href":"https:\/\/elektronikk.eu\/nb\/wp-json\/wp\/v2\/product_tag?post=94780744"}],"curies":[{"name":"wp","href":"https:\/\/api.w.org\/{rel}","templated":true}]}}