{"id":94780683,"date":"2025-12-31T10:11:21","date_gmt":"2025-12-31T09:11:21","guid":{"rendered":"https:\/\/elektronikk.eu\/1110487\/"},"modified":"2026-04-01T21:03:14","modified_gmt":"2026-04-01T19:03:14","slug":"1110487","status":"publish","type":"product","link":"https:\/\/elektronikk.eu\/nb\/1110487\/","title":{"rendered":"Samsung Galaxy A22 5G TPU bakdeksel, gjennomsiktig"},"content":{"rendered":"<p>TPU-dekselet har et veldig slankt design, men tilbyr utmerket beskyttelse for b\u00e5de bakside og sider. Det gjennomsiktige dekselet lar deg og andre sette pris p\u00e5 den kule, rene designen til telefonen din, samtidig som den holdes slank og lett. Det er laget av sterkt, termoplastisk polyuretan (TPU), noe som gj\u00f8r dekselet behagelig \u00e5 holde. Dekselet gir tilgang til alle knapper og porter som ladeport, kamera osv. Som alltid er Essentials-kolleksjonen bygget med stil, kvalitet og beskyttelse i tankene.<\/p>","protected":false},"excerpt":{"rendered":"<p>TPU-dekselet har en sv\u00e6rt slank design, men gir utmerket beskyttelse b\u00e5de p\u00e5 baksiden og siden. Det gjennomsiktige dekselet gj\u00f8r at du og andre kan sette pris p\u00e5 telefonens kule, rene design, samtidig som den er slank og lett.<\/p>","protected":false},"featured_media":94776351,"comment_status":"closed","ping_status":"open","template":"","meta":[],"product_brand":[35294],"product_cat":[35536,35660],"product_tag":[],"class_list":{"0":"post-94780683","1":"product","2":"type-product","3":"status-publish","4":"has-post-thumbnail","6":"product_brand-essentials","7":"product_cat-kommunikasjon","8":"product_cat-telefon-deksel-kommunikasjon-mobil-telefon-2","10":"first","11":"onbackorder","12":"purchasable","13":"product-type-simple"},"jetpack_sharing_enabled":true,"_links":{"self":[{"href":"https:\/\/elektronikk.eu\/nb\/wp-json\/wp\/v2\/product\/94780683","targetHints":{"allow":["GET"]}}],"collection":[{"href":"https:\/\/elektronikk.eu\/nb\/wp-json\/wp\/v2\/product"}],"about":[{"href":"https:\/\/elektronikk.eu\/nb\/wp-json\/wp\/v2\/types\/product"}],"replies":[{"embeddable":true,"href":"https:\/\/elektronikk.eu\/nb\/wp-json\/wp\/v2\/comments?post=94780683"}],"wp:featuredmedia":[{"embeddable":true,"href":"https:\/\/elektronikk.eu\/nb\/wp-json\/wp\/v2\/media\/94776351"}],"wp:attachment":[{"href":"https:\/\/elektronikk.eu\/nb\/wp-json\/wp\/v2\/media?parent=94780683"}],"wp:term":[{"taxonomy":"product_brand","embeddable":true,"href":"https:\/\/elektronikk.eu\/nb\/wp-json\/wp\/v2\/product_brand?post=94780683"},{"taxonomy":"product_cat","embeddable":true,"href":"https:\/\/elektronikk.eu\/nb\/wp-json\/wp\/v2\/product_cat?post=94780683"},{"taxonomy":"product_tag","embeddable":true,"href":"https:\/\/elektronikk.eu\/nb\/wp-json\/wp\/v2\/product_tag?post=94780683"}],"curies":[{"name":"wp","href":"https:\/\/api.w.org\/{rel}","templated":true}]}}