{"id":94780672,"date":"2025-12-31T10:11:21","date_gmt":"2025-12-31T09:11:21","guid":{"rendered":"https:\/\/elektronikk.eu\/1110011\/"},"modified":"2026-04-01T21:03:12","modified_gmt":"2026-04-01T19:03:12","slug":"1110011","status":"publish","type":"product","link":"https:\/\/elektronikk.eu\/nb\/1110011\/","title":{"rendered":"iPad Air 10,9\u2033 4\/5. gen (2020\/2022) Booklet Svart"},"content":{"rendered":"<p>Bokomslaget klikkes enkelt p\u00e5 enheten din og beskytter den mot st\u00f8t og riper. Den er designet for \u00e5 foldes til et stativ med flere posisjoner, noe som lar deg nyte enheten din h\u00e5ndfritt og fra forskjellige vinkler. Dekselet gir full tilgang til alle porter og knapper, slik at du aldri trenger \u00e5 ta det av. Frontklaffen er utstyrt med en magnet for \u00e5 sikre at den dekker hele skjermen for full beskyttelse. Boken er laget av gummiert soft-touch materiale for \u00e5 sikre et raskt og komfortabelt grep om enheten. Som alltid er Essentials-kolleksjonen bygget med stil, kvalitet og beskyttelse i tankene.<\/p>","protected":false},"excerpt":{"rendered":"<p>Bokomslaget klikkes enkelt p\u00e5 enheten din og beskytter den mot st\u00f8t og riper. Det er designet for \u00e5 foldes til et stativ med flere posisjoner som lar deg nyte \u00e5 se p\u00e5 enheten din uten hendene. Boken har et slankt og mykt design for \u00e5 sikre et raskt og komfortabelt grep om produktet. Essentials-kolleksjonen er bygget med stil, kvalitet og beskyttelse i tankene.<\/p>","protected":false},"featured_media":94776332,"comment_status":"closed","ping_status":"open","template":"","meta":[],"product_brand":[35294],"product_cat":[35534,35535,35533],"product_tag":[21725],"class_list":{"0":"post-94780672","1":"product","2":"type-product","3":"status-publish","4":"has-post-thumbnail","6":"product_brand-essentials","7":"product_cat-notebook-tablet-accessories","8":"product_cat-tablet-carrying-cases","9":"product_cat-tilbehor-components-accessories","10":"product_tag-tablet-carrying-cases","12":"first","13":"onbackorder","14":"purchasable","15":"product-type-simple"},"jetpack_sharing_enabled":true,"_links":{"self":[{"href":"https:\/\/elektronikk.eu\/nb\/wp-json\/wp\/v2\/product\/94780672","targetHints":{"allow":["GET"]}}],"collection":[{"href":"https:\/\/elektronikk.eu\/nb\/wp-json\/wp\/v2\/product"}],"about":[{"href":"https:\/\/elektronikk.eu\/nb\/wp-json\/wp\/v2\/types\/product"}],"replies":[{"embeddable":true,"href":"https:\/\/elektronikk.eu\/nb\/wp-json\/wp\/v2\/comments?post=94780672"}],"wp:featuredmedia":[{"embeddable":true,"href":"https:\/\/elektronikk.eu\/nb\/wp-json\/wp\/v2\/media\/94776332"}],"wp:attachment":[{"href":"https:\/\/elektronikk.eu\/nb\/wp-json\/wp\/v2\/media?parent=94780672"}],"wp:term":[{"taxonomy":"product_brand","embeddable":true,"href":"https:\/\/elektronikk.eu\/nb\/wp-json\/wp\/v2\/product_brand?post=94780672"},{"taxonomy":"product_cat","embeddable":true,"href":"https:\/\/elektronikk.eu\/nb\/wp-json\/wp\/v2\/product_cat?post=94780672"},{"taxonomy":"product_tag","embeddable":true,"href":"https:\/\/elektronikk.eu\/nb\/wp-json\/wp\/v2\/product_tag?post=94780672"}],"curies":[{"name":"wp","href":"https:\/\/api.w.org\/{rel}","templated":true}]}}