{"id":94768035,"date":"2024-07-01T17:05:46","date_gmt":"2024-07-01T15:05:46","guid":{"rendered":"https:\/\/elektronikk.eu\/nb\/produkt-6\/"},"modified":"2026-04-14T22:54:34","modified_gmt":"2026-04-14T20:54:34","slug":"produkt-6","status":"publish","type":"product","link":"https:\/\/elektronikk.eu\/nb\/produkt-6\/","title":{"rendered":"Lyslenke, innend\u00f8rs\/utend\u00f8rs, WiFi 2.4GHz, 40-LED, IP-44, varm hvit, 5m"},"content":{"rendered":"<p>40-LED<br \/>\n5 \u00e5rs garanti<br \/>\nStr\u00f8madapter er inkludert<br \/>\nFargetemperatur: varmhvit<br \/>\nWiFi: 2,4 GHz, 802.11 b\/g\/n<br \/>\nIP-44: bruk innend\u00f8rs\/utend\u00f8rs<br \/>\n8 forh\u00e5ndsprogrammerte lysmoduser<br \/>\nTimerfunksjon og planlegging med app<br \/>\nKompatibel med: DELTACO SMART HOME-app, Amazon Alexa og Google Home<br \/>\nSMART HJEM WiFi lyskjede, innend\u00f8rs\/utend\u00f8rs, varm hvit, 40-LED, IP-44, 5 m<\/p>","protected":false},"excerpt":{"rendered":"<p>40 LED-lysp\u00e6rer 5 \u00e5rs garanti Str\u00f8madapter inkludert Fargetemperatur: varmhvit WiFi: 2,4 GHz, 802,11 b\/g\/n IP-44: kan brukes inne\/ute 8 forh\u00e5ndsprogrammerte lysmoduser Timerfunksjon og tidsplanlegging med app Kompatibel med: DELTACO SMART HOME-app, Amazon Alexa og Google Home SMART HOME WiFi-lyskjede for innend\u00f8rs\/utend\u00f8rs bruk, varmhvit, 40 LED-lysp\u00e6rer, IP-44, 5 m<\/p>","protected":false},"featured_media":94768041,"comment_status":"open","ping_status":"closed","template":"","meta":[],"product_brand":[],"product_cat":[],"product_tag":[],"class_list":{"0":"post-94768035","1":"product","2":"type-product","3":"status-publish","4":"has-post-thumbnail","7":"first","8":"instock","9":"sale","10":"taxable","11":"shipping-taxable","12":"purchasable","13":"product-type-simple"},"jetpack_sharing_enabled":true,"_links":{"self":[{"href":"https:\/\/elektronikk.eu\/nb\/wp-json\/wp\/v2\/product\/94768035","targetHints":{"allow":["GET"]}}],"collection":[{"href":"https:\/\/elektronikk.eu\/nb\/wp-json\/wp\/v2\/product"}],"about":[{"href":"https:\/\/elektronikk.eu\/nb\/wp-json\/wp\/v2\/types\/product"}],"replies":[{"embeddable":true,"href":"https:\/\/elektronikk.eu\/nb\/wp-json\/wp\/v2\/comments?post=94768035"}],"wp:featuredmedia":[{"embeddable":true,"href":"https:\/\/elektronikk.eu\/nb\/wp-json\/wp\/v2\/media\/94768041"}],"wp:attachment":[{"href":"https:\/\/elektronikk.eu\/nb\/wp-json\/wp\/v2\/media?parent=94768035"}],"wp:term":[{"taxonomy":"product_brand","embeddable":true,"href":"https:\/\/elektronikk.eu\/nb\/wp-json\/wp\/v2\/product_brand?post=94768035"},{"taxonomy":"product_cat","embeddable":true,"href":"https:\/\/elektronikk.eu\/nb\/wp-json\/wp\/v2\/product_cat?post=94768035"},{"taxonomy":"product_tag","embeddable":true,"href":"https:\/\/elektronikk.eu\/nb\/wp-json\/wp\/v2\/product_tag?post=94768035"}],"curies":[{"name":"wp","href":"https:\/\/api.w.org\/{rel}","templated":true}]}}