{"id":94762267,"date":"2024-06-07T00:08:33","date_gmt":"2024-06-06T22:08:33","guid":{"rendered":"https:\/\/elektronikk.eu\/?post_type=product&#038;p=94762267"},"modified":"2026-04-15T03:00:18","modified_gmt":"2026-04-15T01:00:18","slug":"hh-hoyttaler-tensor-go-ladbar-aktiv-sett","status":"publish","type":"product","link":"https:\/\/elektronikk.eu\/nb\/hh-hoyttaler-tensor-go-ladbar-aktiv-sett\/","title":{"rendered":"HH H\u00f8yttaler Tensor-GO Ladbar Aktiv sett"},"content":{"rendered":"<p>HH-s\u00f8ylesett TENSOR-GO Aktivt Batteri<br \/>\nS\u00f8yle 6 x 2,75&#8243; | Sub 8&#8243; | 200W RMS-veske<\/p>\n<p>Tensor-GO alt-i-ett-s\u00f8yle PA leverer en overlegen lydopplevelse fra et ultraportabelt system. Det integrerte h\u00f8yytelses litium-ion-batteriet muliggj\u00f8r lang systembruk med krystallklar lyddekning for 100+ personer uten behov for str\u00f8mforsyning. Med sin enkle 4-delte &#8220;slot sammen&#8221;-design, kan Tensor-GO settes opp raskt og enkelt. Mikrofoner eller linjeniv\u00e5enheter som tastaturer kan kobles til Tensor-GO samtidig via 4-kanals mikseren. Bluetooth-aktiverte enheter kan ogs\u00e5 koble til for tr\u00e5dl\u00f8s lydstr\u00f8mming, og med integrert tr\u00e5dl\u00f8s stereoparing kan to Tensor-Go-systemer kobles sammen for stereolydoverf\u00f8ring tr\u00e5dl\u00f8st. Omfattende lydbeskyttelse via innebygd DSP forhindrer at systemet blir overbelastet og skadet. Superlett \u2013 veier bare 14 kg\/31 lbs. Tensor-GO \u2013 den ultimate tr\u00e5dl\u00f8se lydl\u00f8sningen.<\/p>\n<p>Batteri Internt Litium-ion 26V\/5200mAH<br \/>\nEffekt 200W RMS, 800W topp<br \/>\nFrekvensrespons 50-20kHz<br \/>\nMaks SPL (1M) (topp) 121 dB<br \/>\nLF Driver 8&#8243; HH Long Throw Woofer<br \/>\nHF Driver 6 x 2,75&#8243; HH Mid\/High Drivers<br \/>\nForsterker klasse D<br \/>\nUniversal str\u00f8mforsyning SMPS 100-240V~ eller 12-36V DC inn<br \/>\n2x Combo-innganger (XLR\/Jack) balansert\/ubalansert inngang med Mic\/Line preset-bryter. 3,5 mm Stereo Aux-inngang, Bluetooth V5.0 lydmottaker, 2x RCA<br \/>\nBalanserte XLR-utganger Miks ut<br \/>\nBluetooth versjon V5.0<br \/>\nEQ Brukervalgbare ytelsesforh\u00e5ndsinnstillinger for Musikk, Live, Naturlig, Tale<br \/>\nDSP delefilter, EQ, dobbel-b\u00e5ndbegrensere, fase- og tidsoptimalisering<br \/>\nBeskyttelse Kortslutning, termisk overbelastning, flerb\u00e5ndsbegrenser<br \/>\nSjekk CH1-3 Niv\u00e5, CH1-2 Reverb av\/p\u00e5-bryter, Master Volum, Bluetooth-sammenkobling, EQ-forh\u00e5ndsvalg<br \/>\nSkap robust polypropylen (subwoofer), ABS (satellitt)<br \/>\nFullf\u00f8r svart<br \/>\nIndikatorer Str\u00f8m, klipsindikator, EQ-modus, frontlysende logo, Bluetooth, batteristatus-LED-er (lader, lavt, 25 %, 50 %, 100 %)<br \/>\nTilbeh\u00f8r 1 x polstret subwoofer-slipdeksel, 1 x polstret 3-delt b\u00e6reveske inkludert<br \/>\nMontert h\u00f8yde 1990 mm, (78,3&#8243;)<br \/>\nEnhetsdimensjoner (Hwd) Satellitt: 562 x 107 x 107 mm, 22,1&#8243; x 4,2&#8243; x 4,2&#8243;<\/p>\n<p>Avstandsstykker: 582 x 107 x 107 mm, 22,9&#8243;&#8221; x 4,2&#8243; x 4,2&#8243;<\/p>","protected":false},"excerpt":{"rendered":"<p>HH-s\u00f8ylesett TENSOR-GO Active Battery S\u00f8yle 6 x 2,75&#8243; | Sub 8&#8243; | 200W RMS-veske Tensor-GO alt-i-ett-s\u00f8yle PA leverer en overlegen lydopplevelse fra et ultraportabelt system. Det integrerte h\u00f8yytelses litium-ion-batteriet muliggj\u00f8r lang systembruk med krystallklar lyddekning for 100+ personer uten behov for str\u00f8mforsyning. Med sin enkle 4-delte &#8220;slot sammen&#8221;-design, kan Tensor-GO settes opp raskt og enkelt. [&#8230;]\n","protected":false},"featured_media":94762271,"comment_status":"open","ping_status":"closed","template":"","meta":[],"product_brand":[],"product_cat":[35908],"product_tag":[],"class_list":{"0":"post-94762267","1":"product","2":"type-product","3":"status-publish","4":"has-post-thumbnail","6":"product_cat-ukategorisert","8":"first","9":"outofstock","10":"taxable","11":"shipping-taxable","12":"purchasable","13":"product-type-simple"},"jetpack_sharing_enabled":true,"_links":{"self":[{"href":"https:\/\/elektronikk.eu\/nb\/wp-json\/wp\/v2\/product\/94762267","targetHints":{"allow":["GET"]}}],"collection":[{"href":"https:\/\/elektronikk.eu\/nb\/wp-json\/wp\/v2\/product"}],"about":[{"href":"https:\/\/elektronikk.eu\/nb\/wp-json\/wp\/v2\/types\/product"}],"replies":[{"embeddable":true,"href":"https:\/\/elektronikk.eu\/nb\/wp-json\/wp\/v2\/comments?post=94762267"}],"wp:featuredmedia":[{"embeddable":true,"href":"https:\/\/elektronikk.eu\/nb\/wp-json\/wp\/v2\/media\/94762271"}],"wp:attachment":[{"href":"https:\/\/elektronikk.eu\/nb\/wp-json\/wp\/v2\/media?parent=94762267"}],"wp:term":[{"taxonomy":"product_brand","embeddable":true,"href":"https:\/\/elektronikk.eu\/nb\/wp-json\/wp\/v2\/product_brand?post=94762267"},{"taxonomy":"product_cat","embeddable":true,"href":"https:\/\/elektronikk.eu\/nb\/wp-json\/wp\/v2\/product_cat?post=94762267"},{"taxonomy":"product_tag","embeddable":true,"href":"https:\/\/elektronikk.eu\/nb\/wp-json\/wp\/v2\/product_tag?post=94762267"}],"curies":[{"name":"wp","href":"https:\/\/api.w.org\/{rel}","templated":true}]}}