{"id":16772,"date":"2020-03-07T08:41:18","date_gmt":"2020-03-07T07:41:18","guid":{"rendered":"https:\/\/www.elektronikk.online.datasenter.no\/?page_id=16772"},"modified":"2025-10-05T10:05:11","modified_gmt":"2025-10-05T08:05:11","slug":"kameraovertakelse","status":"publish","type":"page","link":"https:\/\/elektronikk.eu\/nb\/kamera-overvaking\/","title":{"rendered":"Kameraoverv\u00e5king"},"content":{"rendered":"<div id=\"page-header-752909309\" class=\"page-header-wrapper\">\n  <div class=\"page-title dark featured-title\">\n\n    \n    <div class=\"page-title-inner container align-center flex-row medium-flex-wrap\" >\n              <div class=\"title-wrapper flex-col text-left medium-text-center\">\n          <h1 class=\"entry-title mb-0\">\n            Kameraoverv\u00e5king          <\/h1>\n        <\/div>\n                    <div class=\"title-content flex-col flex-right text-right medium-text-center\">\n        <ul class=\"nav sm-touch-scroll nav-line nav-uppercase text-left nav-left\"><li class=\"nav-single-page hidden\"><\/li><\/ul>      <\/div>\n    <\/div>\n\n       <\/div>\n    <\/div>\n  \n\n\n  <div class=\"banner has-hover has-video\" id=\"banner-1943202418\">\n          <div class=\"banner-inner fill\">\n        <div class=\"banner-bg fill\" >\n                        \t<div class=\"video-overlay no-click fill hide-for-medium\"><\/div>\n\t<video class=\"video-bg fill hide-for-medium\" preload playsinline autoplay muted loop>\n\t\t<source src=\"https:\/\/ui.com\/microsite\/static\/physical-security-2-Cuug28Ls.mp4\" type=\"video\/mp4\">\t<\/video>\n            <div class=\"overlay\"><\/div>            \n                    <\/div>\n\t\t\n        <div class=\"banner-layers container\">\n            <div class=\"fill banner-link\"><\/div>            \n\n   <div id=\"text-box-1416109756\" class=\"text-box banner-layer x5 md-x5 lg-x5 y50 md-y50 lg-y50 res-text\">\n                                <div class=\"text-box-content text\">\n              \n              <div class=\"text-inner text-left\">\n                  \n\n<h2 class=\"uppercase\"><strong>UBIQUITI<\/strong><\/h2>\n<h3>Enkelt oppsett ingen lisens<\/h3>\n<p>Ubiquuiti har en hel rekke kameraer for de fleste form\u00e5l.<\/p>\n\n              <\/div>\n           <\/div>\n                            \n<style>\n#text-box-1416109756 {\n  width: 60%;\n}\n#text-box-1416109756 .text-box-content {\n  font-size: 100%;\n}\n@media (min-width:550px) {\n  #text-box-1416109756 {\n    width: 40%;\n  }\n}\n<\/style>\n    <\/div>\n \n\n        <\/div>\n      <\/div>\n\n            \n<style>\n#banner-1943202418 {\n  padding-top: 500px;\n  background-color: rgb(255, 255, 255);\n}\n#banner-1943202418 .overlay {\n  background-color: rgba(190, 190, 190, 0.2);\n}\n<\/style>\n  <\/div>\n\n\n\t<div class=\"img has-hover x md-x lg-x y md-y lg-y\" id=\"image_1648797521\">\n\t\t\t\t\t\t\t\t<div class=\"img-inner dark\" >\n\t\t\t\t\t\t\t\t\t\n\t\t\t\t\t<\/div>\n\t\t\t\t\t\t\t\t\n<style>\n#image_1648797521 {\n  width: 100%;\n}\n<\/style>\n\t<\/div>\n\t\n\n<p>Vi har en hel rekke med kamerasystem i sortimentet.<\/p>\n<p>Alt fra enkle frittst\u00e5ende wifi-kamera til NVR opptakere med flere kamera og PC med egnet programvare.&nbsp;<\/p>\n<p>Mange av kameraene vi leverer har ogs\u00e5 videoanalyse, slik at man enkelt kan s\u00f8ke etter gjenstander, skilt eller peroner i opptak.&nbsp;<\/p>\n<p>Man kan eksempelvis ha kamera ved varelevering og filtrere ut alle opptak n\u00e5r det l\u00e5 pakke der, eller finne alle opptak n\u00e5r det kom bil til varelevering. Man kan ogs\u00e5 finne opptak der en person har krysset en gitt linje.&nbsp;<\/p>\n<p>Vi har ogs\u00e5 kamera som er nesten usynlig som er beregnet for butikker med krav til estetikk. Da monteres elektronikken i himling eller vegg, slik at bare linsen viser.<\/p>\n<p>&nbsp;<\/p>\n\t\n  \n    <div class=\"row large-columns-4 medium-columns-3 small-columns-2 row-small has-shadow row-box-shadow-1 row-box-shadow-2-hover slider row-slider slider-nav-reveal slider-nav-push\"  data-flickity-options='{&quot;imagesLoaded&quot;: true, &quot;groupCells&quot;: &quot;100%&quot;, &quot;dragThreshold&quot; : 5, &quot;cellAlign&quot;: &quot;left&quot;,&quot;wrapAround&quot;: true,&quot;prevNextButtons&quot;: true,&quot;percentPosition&quot;: true,&quot;pageDots&quot;: false, &quot;rightToLeft&quot;: false, &quot;autoPlay&quot; : false}' >\n\n  <\/div>\n\n<p>N\u00e5r det gjelder \u00e5 redusere svinn, er overv\u00e5kingskamera et godt verkt\u00f8y, sier sikkerhetssjef Kjell-Inge Oftedal hos Clas Ohlson.<\/p>\n<p>- V\u00e5r sikkerhetsavdeling har en godt sammensatt verkt\u00f8ykasse for h\u00e5ndtering av ulike situasjoner. Men n\u00e5r det gjelder \u00e5 redusere svinn, er overv\u00e5kningskamera absolutt et viktig verkt\u00f8y for oss.<\/p>\n<blockquote class=\"wp-block-quote\">\n<p><cite>Kilde: retailmagasinet.no<br \/><\/cite><\/p>\n<\/blockquote>\n\t\n  \n    <div class=\"row large-columns-5 medium-columns-3 small-columns-2 row-small has-shadow row-box-shadow-1 row-box-shadow-2-hover slider row-slider slider-nav-reveal slider-nav-push\"  data-flickity-options='{&quot;imagesLoaded&quot;: true, &quot;groupCells&quot;: &quot;100%&quot;, &quot;dragThreshold&quot; : 5, &quot;cellAlign&quot;: &quot;left&quot;,&quot;wrapAround&quot;: true,&quot;prevNextButtons&quot;: true,&quot;percentPosition&quot;: true,&quot;pageDots&quot;: false, &quot;rightToLeft&quot;: false, &quot;autoPlay&quot; : 5000}' >\n\n  <\/div>","protected":false},"excerpt":{"rendered":"","protected":false},"author":1,"featured_media":0,"parent":0,"menu_order":0,"comment_status":"closed","ping_status":"closed","template":"","meta":{"footnotes":""},"class_list":["post-16772","page","type-page","status-publish","hentry"],"jetpack_shortlink":"https:\/\/wp.me\/PcNE7J-4mw","jetpack_sharing_enabled":true,"_links":{"self":[{"href":"https:\/\/elektronikk.eu\/nb\/wp-json\/wp\/v2\/pages\/16772","targetHints":{"allow":["GET"]}}],"collection":[{"href":"https:\/\/elektronikk.eu\/nb\/wp-json\/wp\/v2\/pages"}],"about":[{"href":"https:\/\/elektronikk.eu\/nb\/wp-json\/wp\/v2\/types\/page"}],"author":[{"embeddable":true,"href":"https:\/\/elektronikk.eu\/nb\/wp-json\/wp\/v2\/users\/1"}],"replies":[{"embeddable":true,"href":"https:\/\/elektronikk.eu\/nb\/wp-json\/wp\/v2\/comments?post=16772"}],"version-history":[{"count":0,"href":"https:\/\/elektronikk.eu\/nb\/wp-json\/wp\/v2\/pages\/16772\/revisions"}],"wp:attachment":[{"href":"https:\/\/elektronikk.eu\/nb\/wp-json\/wp\/v2\/media?parent=16772"}],"curies":[{"name":"wp","href":"https:\/\/api.w.org\/{rel}","templated":true}]}}