{"id":94787752,"date":"2025-12-31T10:03:39","date_gmt":"2025-12-31T09:03:39","guid":{"rendered":"https:\/\/elektronikk.eu\/usbc-hdmi18\/"},"modified":"2026-04-01T21:10:35","modified_gmt":"2026-04-01T19:10:35","slug":"usbc-hdmi18","status":"publish","type":"product","link":"https:\/\/elektronikk.eu\/en\/usbc-hdmi18\/","title":{"rendered":"USB-C dockningsstasjon, HDMI\/VGA\/2x USB-A PD 3.0, gr\u00e5"},"content":{"rendered":"<p>USB-C multiport-adapter med HDMI + VGA-utgang, USB-dataoverf\u00f8ring, GbE, SD-kortleser og str\u00f8mforsyning. Dette produktet gj\u00f8r den b\u00e6rbare datamaskinen med USB-C til en fullt funksjonell arbeidsstasjon uansett hvor du er.<\/p>\n","protected":false},"excerpt":{"rendered":"<p>DELTACO USB-C til HDMI \/ VGA \/ USB \/ RJ45 \/ SD-adapter, USB-C-port for lading, 3840&#215;2160, space grey<\/p>\n","protected":false},"featured_media":94789168,"comment_status":"closed","ping_status":"closed","template":"","meta":[],"product_brand":[35291],"product_cat":[35575,35574],"product_tag":[],"class_list":{"0":"post-94787752","1":"product","2":"type-product","3":"status-publish","4":"has-post-thumbnail","6":"product_brand-deltaco","7":"product_cat-notebook-tilbehor","8":"product_cat-systems","9":"pa_docking-type-for_computers","10":"pa_farge-grey","12":"first","13":"onbackorder","14":"purchasable","15":"product-type-simple"},"jetpack_sharing_enabled":true,"_links":{"self":[{"href":"https:\/\/elektronikk.eu\/en\/wp-json\/wp\/v2\/product\/94787752","targetHints":{"allow":["GET"]}}],"collection":[{"href":"https:\/\/elektronikk.eu\/en\/wp-json\/wp\/v2\/product"}],"about":[{"href":"https:\/\/elektronikk.eu\/en\/wp-json\/wp\/v2\/types\/product"}],"replies":[{"embeddable":true,"href":"https:\/\/elektronikk.eu\/en\/wp-json\/wp\/v2\/comments?post=94787752"}],"wp:featuredmedia":[{"embeddable":true,"href":"https:\/\/elektronikk.eu\/en\/wp-json\/wp\/v2\/media\/94789168"}],"wp:attachment":[{"href":"https:\/\/elektronikk.eu\/en\/wp-json\/wp\/v2\/media?parent=94787752"}],"wp:term":[{"taxonomy":"product_brand","embeddable":true,"href":"https:\/\/elektronikk.eu\/en\/wp-json\/wp\/v2\/product_brand?post=94787752"},{"taxonomy":"product_cat","embeddable":true,"href":"https:\/\/elektronikk.eu\/en\/wp-json\/wp\/v2\/product_cat?post=94787752"},{"taxonomy":"product_tag","embeddable":true,"href":"https:\/\/elektronikk.eu\/en\/wp-json\/wp\/v2\/product_tag?post=94787752"}],"curies":[{"name":"wp","href":"https:\/\/api.w.org\/{rel}","templated":true}]}}