{"id":94787708,"date":"2025-12-31T10:03:39","date_gmt":"2025-12-31T09:03:39","guid":{"rendered":"https:\/\/elektronikk.eu\/ult-2cr5-1p\/"},"modified":"2026-04-01T21:10:13","modified_gmt":"2026-04-01T19:10:13","slug":"ult-2cr5-1p","status":"publish","type":"product","link":"https:\/\/elektronikk.eu\/en\/ult-2cr5-1p\/","title":{"rendered":"Ultimate 2CR5-litiumbatteri, 6 V, 1-pakning"},"content":{"rendered":"<p>Ultimate Lithium battery, 6V, 2CR5, 1-pack<\/p>\n","protected":false},"excerpt":{"rendered":"<p>Dette litiumbatteriet er egnet for enheter med h\u00f8yt str\u00f8mforbruk, som kameraer, fotoutstyr, r\u00f8ykvarslere m.m.<\/p>\n","protected":false},"featured_media":94790595,"comment_status":"closed","ping_status":"open","template":"","meta":[],"product_brand":[35291],"product_cat":[35570],"product_tag":[],"class_list":{"0":"post-94787708","1":"product","2":"type-product","3":"status-publish","4":"has-post-thumbnail","6":"product_brand-deltaco","7":"product_cat-batterier","8":"pa_batteritype-2_cr_5","9":"pa_produkt-vekt-0-085000000000","11":"first","12":"onbackorder","13":"purchasable","14":"product-type-simple"},"jetpack_sharing_enabled":true,"_links":{"self":[{"href":"https:\/\/elektronikk.eu\/en\/wp-json\/wp\/v2\/product\/94787708","targetHints":{"allow":["GET"]}}],"collection":[{"href":"https:\/\/elektronikk.eu\/en\/wp-json\/wp\/v2\/product"}],"about":[{"href":"https:\/\/elektronikk.eu\/en\/wp-json\/wp\/v2\/types\/product"}],"replies":[{"embeddable":true,"href":"https:\/\/elektronikk.eu\/en\/wp-json\/wp\/v2\/comments?post=94787708"}],"wp:featuredmedia":[{"embeddable":true,"href":"https:\/\/elektronikk.eu\/en\/wp-json\/wp\/v2\/media\/94790595"}],"wp:attachment":[{"href":"https:\/\/elektronikk.eu\/en\/wp-json\/wp\/v2\/media?parent=94787708"}],"wp:term":[{"taxonomy":"product_brand","embeddable":true,"href":"https:\/\/elektronikk.eu\/en\/wp-json\/wp\/v2\/product_brand?post=94787708"},{"taxonomy":"product_cat","embeddable":true,"href":"https:\/\/elektronikk.eu\/en\/wp-json\/wp\/v2\/product_cat?post=94787708"},{"taxonomy":"product_tag","embeddable":true,"href":"https:\/\/elektronikk.eu\/en\/wp-json\/wp\/v2\/product_tag?post=94787708"}],"curies":[{"name":"wp","href":"https:\/\/api.w.org\/{rel}","templated":true}]}}