{"id":94787679,"date":"2025-12-31T10:03:10","date_gmt":"2025-12-31T09:03:10","guid":{"rendered":"https:\/\/elektronikk.eu\/tb-1n\/"},"modified":"2026-04-01T21:10:05","modified_gmt":"2026-04-01T19:10:05","slug":"tb-1n","status":"publish","type":"product","link":"https:\/\/elektronikk.eu\/en\/tb-1n\/","title":{"rendered":"St\u00f8v og s\u00f8lbeskyttelse for alle typer tastatur"},"content":{"rendered":"<p>Passer alle typer av tastaturer. M\u00e5l: 520x270mm.<\/p>\n","protected":false},"excerpt":{"rendered":"<p>St\u00f8v og s\u00f8lbeskyttelse for alle typer av tastatur.<\/p>\n","protected":false},"featured_media":94789096,"comment_status":"closed","ping_status":"open","template":"","meta":[],"product_brand":[35291],"product_cat":[35580],"product_tag":[21782],"class_list":{"0":"post-94787679","1":"product","2":"type-product","3":"status-publish","4":"has-post-thumbnail","6":"product_brand-deltaco","7":"product_cat-keyboards-mice","8":"product_tag-plates","9":"pa_farge-transparent","10":"pa_produkt-bredde-0-450000000000","11":"pa_produkt-hoyde-0-030000000000","13":"first","14":"onbackorder","15":"purchasable","16":"product-type-simple"},"jetpack_sharing_enabled":true,"_links":{"self":[{"href":"https:\/\/elektronikk.eu\/en\/wp-json\/wp\/v2\/product\/94787679","targetHints":{"allow":["GET"]}}],"collection":[{"href":"https:\/\/elektronikk.eu\/en\/wp-json\/wp\/v2\/product"}],"about":[{"href":"https:\/\/elektronikk.eu\/en\/wp-json\/wp\/v2\/types\/product"}],"replies":[{"embeddable":true,"href":"https:\/\/elektronikk.eu\/en\/wp-json\/wp\/v2\/comments?post=94787679"}],"wp:featuredmedia":[{"embeddable":true,"href":"https:\/\/elektronikk.eu\/en\/wp-json\/wp\/v2\/media\/94789096"}],"wp:attachment":[{"href":"https:\/\/elektronikk.eu\/en\/wp-json\/wp\/v2\/media?parent=94787679"}],"wp:term":[{"taxonomy":"product_brand","embeddable":true,"href":"https:\/\/elektronikk.eu\/en\/wp-json\/wp\/v2\/product_brand?post=94787679"},{"taxonomy":"product_cat","embeddable":true,"href":"https:\/\/elektronikk.eu\/en\/wp-json\/wp\/v2\/product_cat?post=94787679"},{"taxonomy":"product_tag","embeddable":true,"href":"https:\/\/elektronikk.eu\/en\/wp-json\/wp\/v2\/product_tag?post=94787679"}],"curies":[{"name":"wp","href":"https:\/\/api.w.org\/{rel}","templated":true}]}}