{"id":94787565,"date":"2022-11-03T02:45:07","date_gmt":"2022-11-03T01:45:07","guid":{"rendered":"https:\/\/elektronikk.eu\/r00140013\/"},"modified":"2026-04-01T21:09:32","modified_gmt":"2026-04-01T19:09:32","slug":"r00140013","status":"publish","type":"product","link":"https:\/\/elektronikk.eu\/en\/r00140013\/","title":{"rendered":"USB-C- til DisplayPort-kabel, 4K UHD ved 60 Hz, 1 m, hvit"},"content":{"rendered":"<p>USB-C &#8211; DisplayPort cable, 4K UHD, gold plated, 1m, white<\/p>\n","protected":false},"excerpt":{"rendered":"<p>Denne USB-C til DisplayPort-kabelen har 4K (3840 \u00d7 2160 ved 60 Hz) eller full HD (1920 \u00d7 1080 ved 240 Hz)-oppl\u00f8sninger, og er egnet for \u00e5 koble datamaskiner, nettbrett og andre USB-C-aktiverte enheter til en DisplayPort-skjerm eller TV .<\/p>\n","protected":false},"featured_media":94788958,"comment_status":"closed","ping_status":"open","template":"","meta":[],"product_brand":[35291],"product_cat":[35765],"product_tag":[],"class_list":{"0":"post-94787565","1":"product","2":"type-product","3":"status-publish","4":"has-post-thumbnail","6":"product_brand-deltaco","7":"product_cat-video-adapters","8":"pa_farge-white","9":"pa_kabelopplosning-3840x2160_60hz","10":"pa_kontakt-1-usb_c_male","12":"first","13":"onbackorder","14":"purchasable","15":"product-type-simple"},"jetpack_sharing_enabled":true,"_links":{"self":[{"href":"https:\/\/elektronikk.eu\/en\/wp-json\/wp\/v2\/product\/94787565","targetHints":{"allow":["GET"]}}],"collection":[{"href":"https:\/\/elektronikk.eu\/en\/wp-json\/wp\/v2\/product"}],"about":[{"href":"https:\/\/elektronikk.eu\/en\/wp-json\/wp\/v2\/types\/product"}],"replies":[{"embeddable":true,"href":"https:\/\/elektronikk.eu\/en\/wp-json\/wp\/v2\/comments?post=94787565"}],"wp:featuredmedia":[{"embeddable":true,"href":"https:\/\/elektronikk.eu\/en\/wp-json\/wp\/v2\/media\/94788958"}],"wp:attachment":[{"href":"https:\/\/elektronikk.eu\/en\/wp-json\/wp\/v2\/media?parent=94787565"}],"wp:term":[{"taxonomy":"product_brand","embeddable":true,"href":"https:\/\/elektronikk.eu\/en\/wp-json\/wp\/v2\/product_brand?post=94787565"},{"taxonomy":"product_cat","embeddable":true,"href":"https:\/\/elektronikk.eu\/en\/wp-json\/wp\/v2\/product_cat?post=94787565"},{"taxonomy":"product_tag","embeddable":true,"href":"https:\/\/elektronikk.eu\/en\/wp-json\/wp\/v2\/product_tag?post=94787565"}],"curies":[{"name":"wp","href":"https:\/\/api.w.org\/{rel}","templated":true}]}}