{"id":94787441,"date":"2025-02-13T17:18:57","date_gmt":"2025-02-13T16:18:57","guid":{"rendered":"https:\/\/elektronikk.eu\/map-gd29u3\/"},"modified":"2026-04-01T21:08:54","modified_gmt":"2026-04-01T19:08:54","slug":"map-gd29u3","status":"publish","type":"product","link":"https:\/\/elektronikk.eu\/en\/map-gd29u3\/","title":{"rendered":"Eksternt kabinett for 2,5&#8243;  HDD\/SSD, USB 5 Gbit\/s, hvit"},"content":{"rendered":"<p>External cabinet for 1x 2.5&#8243; SATA hard drive, SATA 6Gbit\/s<\/p>\n","protected":false},"excerpt":{"rendered":"<p>Dette eksterne kabinettet forvandler en 2,5-tommers SATA HDD\/SSD-stasjon til en b\u00e6rbar enhet, som kobles til datamaskiner via USB. Den er ideell for overf\u00f8ring og sikkerhetskopiering av data, gjenbruk av gamle stasjoner og deling av media. St\u00f8tter USB 5 Gbit\/s og SATA 6 Gb\/s, og forenkler raske dataoverf\u00f8ringer, passer for stasjoner p\u00e5 opptil 2TB.<\/p>\n","protected":false},"featured_media":94788740,"comment_status":"closed","ping_status":"open","template":"","meta":[],"product_brand":[35291],"product_cat":[35533],"product_tag":[],"class_list":{"0":"post-94787441","1":"product","2":"type-product","3":"status-publish","4":"has-post-thumbnail","6":"product_brand-deltaco","7":"product_cat-tilbehor-components-accessories","8":"pa_farge-silver","9":"pa_garanti-5years","10":"pa_hdd-plasser-34777","12":"first","13":"onbackorder","14":"purchasable","15":"product-type-simple"},"jetpack_sharing_enabled":true,"_links":{"self":[{"href":"https:\/\/elektronikk.eu\/en\/wp-json\/wp\/v2\/product\/94787441","targetHints":{"allow":["GET"]}}],"collection":[{"href":"https:\/\/elektronikk.eu\/en\/wp-json\/wp\/v2\/product"}],"about":[{"href":"https:\/\/elektronikk.eu\/en\/wp-json\/wp\/v2\/types\/product"}],"replies":[{"embeddable":true,"href":"https:\/\/elektronikk.eu\/en\/wp-json\/wp\/v2\/comments?post=94787441"}],"wp:featuredmedia":[{"embeddable":true,"href":"https:\/\/elektronikk.eu\/en\/wp-json\/wp\/v2\/media\/94788740"}],"wp:attachment":[{"href":"https:\/\/elektronikk.eu\/en\/wp-json\/wp\/v2\/media?parent=94787441"}],"wp:term":[{"taxonomy":"product_brand","embeddable":true,"href":"https:\/\/elektronikk.eu\/en\/wp-json\/wp\/v2\/product_brand?post=94787441"},{"taxonomy":"product_cat","embeddable":true,"href":"https:\/\/elektronikk.eu\/en\/wp-json\/wp\/v2\/product_cat?post=94787441"},{"taxonomy":"product_tag","embeddable":true,"href":"https:\/\/elektronikk.eu\/en\/wp-json\/wp\/v2\/product_tag?post=94787441"}],"curies":[{"name":"wp","href":"https:\/\/api.w.org\/{rel}","templated":true}]}}