{"id":94787355,"date":"2021-11-14T07:12:11","date_gmt":"2021-11-14T06:12:11","guid":{"rendered":"https:\/\/elektronikk.eu\/hl-8\/"},"modified":"2026-04-01T21:08:29","modified_gmt":"2026-04-01T19:08:29","slug":"hl-8","status":"publish","type":"product","link":"https:\/\/elektronikk.eu\/en\/hl-8\/","title":{"rendered":"Stereohodetelefoner med volumkontroll, over-ear, svart"},"content":{"rendered":"<p>Headphones with volume control, 2.2m cable, black<\/p>\n","protected":false},"excerpt":{"rendered":"<p>Disse over-ear stereohodetelefonene har myke, polstrede \u00f8reklokker for komfortabel lytting over lengre tid, og praktisk volumkontroll p\u00e5 kabelen. De er utstyrt med store 50 mm drivere og en frekvensrespons fra 20 Hz til 20 kHz. Impedans p\u00e5 32\u03a9 sikrer en krystallklar og kraftig lydopplevelse.<\/p>\n","protected":false},"featured_media":94788680,"comment_status":"closed","ping_status":"open","template":"","meta":[],"product_brand":[35291],"product_cat":[35588,35801,35529,35530],"product_tag":[33275],"class_list":{"0":"post-94787355","1":"product","2":"type-product","3":"status-publish","4":"has-post-thumbnail","6":"product_brand-deltaco","7":"product_cat-headphones","8":"product_cat-home-office-headphones","9":"product_cat-lyd-og-bilde","10":"product_cat-tilbehor","11":"product_tag-home-office","12":"pa_farge-black","13":"pa_garanti-5years","14":"pa_impedans-32ohm","16":"first","17":"onbackorder","18":"purchasable","19":"product-type-simple"},"jetpack_sharing_enabled":true,"_links":{"self":[{"href":"https:\/\/elektronikk.eu\/en\/wp-json\/wp\/v2\/product\/94787355","targetHints":{"allow":["GET"]}}],"collection":[{"href":"https:\/\/elektronikk.eu\/en\/wp-json\/wp\/v2\/product"}],"about":[{"href":"https:\/\/elektronikk.eu\/en\/wp-json\/wp\/v2\/types\/product"}],"replies":[{"embeddable":true,"href":"https:\/\/elektronikk.eu\/en\/wp-json\/wp\/v2\/comments?post=94787355"}],"wp:featuredmedia":[{"embeddable":true,"href":"https:\/\/elektronikk.eu\/en\/wp-json\/wp\/v2\/media\/94788680"}],"wp:attachment":[{"href":"https:\/\/elektronikk.eu\/en\/wp-json\/wp\/v2\/media?parent=94787355"}],"wp:term":[{"taxonomy":"product_brand","embeddable":true,"href":"https:\/\/elektronikk.eu\/en\/wp-json\/wp\/v2\/product_brand?post=94787355"},{"taxonomy":"product_cat","embeddable":true,"href":"https:\/\/elektronikk.eu\/en\/wp-json\/wp\/v2\/product_cat?post=94787355"},{"taxonomy":"product_tag","embeddable":true,"href":"https:\/\/elektronikk.eu\/en\/wp-json\/wp\/v2\/product_tag?post=94787355"}],"curies":[{"name":"wp","href":"https:\/\/api.w.org\/{rel}","templated":true}]}}