{"id":94787351,"date":"2018-02-17T10:27:54","date_gmt":"2018-02-17T09:27:54","guid":{"rendered":"https:\/\/elektronikk.eu\/hl-51\/"},"modified":"2026-04-01T21:08:27","modified_gmt":"2026-04-01T19:08:27","slug":"hl-51","status":"publish","type":"product","link":"https:\/\/elektronikk.eu\/en\/hl-51\/","title":{"rendered":"Hodetelefoner med volumkontroll, 1x 3,5mm, 2,5m kabel, svart"},"content":{"rendered":"<p>Behagelig headset med mykt polstrede klokker, headsettet har en justerbar hovedb\u00f8yle for \u00f8nsket st\u00f8rrelse. Volumet kan enkelt justeres med en kontroll p\u00e5 den ene klokken.<\/p>\n","protected":false},"excerpt":{"rendered":"<p>Headset, lukket, volumkontroll, 2,5m kabel, svart.<\/p>\n","protected":false},"featured_media":94788674,"comment_status":"closed","ping_status":"open","template":"","meta":[],"product_brand":[35291],"product_cat":[35588,35801,35529,35530],"product_tag":[33275],"class_list":{"0":"post-94787351","1":"product","2":"type-product","3":"status-publish","4":"has-post-thumbnail","6":"product_brand-deltaco","7":"product_cat-headphones","8":"product_cat-home-office-headphones","9":"product_cat-lyd-og-bilde","10":"product_cat-tilbehor","11":"product_tag-home-office","12":"pa_farge-black","13":"pa_garanti-5years","14":"pa_impedans-32ohm","16":"first","17":"onbackorder","18":"purchasable","19":"product-type-simple"},"jetpack_sharing_enabled":true,"_links":{"self":[{"href":"https:\/\/elektronikk.eu\/en\/wp-json\/wp\/v2\/product\/94787351","targetHints":{"allow":["GET"]}}],"collection":[{"href":"https:\/\/elektronikk.eu\/en\/wp-json\/wp\/v2\/product"}],"about":[{"href":"https:\/\/elektronikk.eu\/en\/wp-json\/wp\/v2\/types\/product"}],"replies":[{"embeddable":true,"href":"https:\/\/elektronikk.eu\/en\/wp-json\/wp\/v2\/comments?post=94787351"}],"wp:featuredmedia":[{"embeddable":true,"href":"https:\/\/elektronikk.eu\/en\/wp-json\/wp\/v2\/media\/94788674"}],"wp:attachment":[{"href":"https:\/\/elektronikk.eu\/en\/wp-json\/wp\/v2\/media?parent=94787351"}],"wp:term":[{"taxonomy":"product_brand","embeddable":true,"href":"https:\/\/elektronikk.eu\/en\/wp-json\/wp\/v2\/product_brand?post=94787351"},{"taxonomy":"product_cat","embeddable":true,"href":"https:\/\/elektronikk.eu\/en\/wp-json\/wp\/v2\/product_cat?post=94787351"},{"taxonomy":"product_tag","embeddable":true,"href":"https:\/\/elektronikk.eu\/en\/wp-json\/wp\/v2\/product_tag?post=94787351"}],"curies":[{"name":"wp","href":"https:\/\/api.w.org\/{rel}","templated":true}]}}